{"id":3,"date":"2023-08-18T21:54:05","date_gmt":"2023-08-18T21:54:05","guid":{"rendered":"http:\/\/heysemai.com\/?page_id=3"},"modified":"2024-05-01T13:53:00","modified_gmt":"2024-05-01T10:53:00","slug":"gizlilik-politikasi","status":"publish","type":"page","link":"https:\/\/heysemai.com\/tr\/gizlilik-politikasi\/","title":{"rendered":"Gizlilik Politikas\u0131"},"content":{"rendered":"\n<p>VER\u0130 SORUMLUSU:\u00a0Heysem Yapay Zeka ve \u0130novasyon A.\u015e.<\/p>\n\n\n\n<p>Organize Sanayi B\u00f6lgesi Teknoloji Bulvar\u0131 ETGB Teknoloji Geli\u015ftirme B\u00f6lgesi\u00a0Yaz\u0131l\u0131m Kule <\/p>\n\n\n\n<p>75.Y\u0131l OSB Mah. Bilim Cad. No:5 \u0130\u00e7 Kap\u0131 No:501 Odunpazar\u0131 &#8211; Eski\u015fehir<\/p>\n\n\n\n<p>GENEL A\u00c7IKLAMALAR:&nbsp;<\/p>\n\n\n\n<p>6698 Say\u0131l\u0131 Ki\u015fisel Verilerin Korunmas\u0131 Kanunu\u2019nda (\u201cKVK Kanunu\u201d) ilgili ki\u015fi olarak tan\u0131mlanan ki\u015fisel veri sahiplerine (\u201cBundan sonra&nbsp;\u201cBa\u015fvuru Sahibi\u201d&nbsp;olarak an\u0131lacakt\u0131r), KVK Kanunu\u2019un 11\u2019inci maddesinde ki\u015fisel verilerinin i\u015flenmesine ili\u015fkin birtak\u0131m taleplerde bulunma hakk\u0131 tan\u0131nm\u0131\u015ft\u0131r.<\/p>\n\n\n\n<p>&nbsp;KVK Kanunu\u2019nun 13\u2019\u00fcnc\u00fc maddesinin birinci f\u0131kras\u0131 uyar\u0131nca; veri sorumlusu olan \u015firketimize bu haklara ili\u015fkin olarak yap\u0131lacak ba\u015fvurular\u0131n yaz\u0131l\u0131 olarak veya Ki\u015fisel Verilerin Korunmas\u0131 Kurulu (\u201cKurul\u201d) taraf\u0131ndan belirlenen di\u011fer y\u00f6ntemlerle taraf\u0131m\u0131za iletilmesi gerekmektedir.&nbsp;<\/p>\n\n\n\n<p>Bu \u00e7er\u00e7evede \u015firketimize yap\u0131lacak ba\u015fvurular i\u00e7in bu form doldurularak imzalanmal\u0131 ve ; zarf\u0131n \u00fczerine \/ mailin konu k\u0131sm\u0131na \u201cKi\u015fisel Verilerin Korunmas\u0131 Kanunu Kapsam\u0131nda Bilgi Talebi\u201d yaz\u0131lmal\u0131, noter vas\u0131tas\u0131yla yap\u0131lan ba\u015fvurularda, tebligat zarf\u0131na \u201cKi\u015fisel Verilerin Korunmas\u0131 Kanunu Kapsam\u0131nda Bilgi Talebi\u201d yaz\u0131lmal\u0131d\u0131r.&nbsp;<\/p>\n\n\n\n<p>Taraf\u0131m\u0131za iletilmi\u015f olan ba\u015fvurular\u0131n\u0131z KVK Kanunu\u2019nun 13\u2019\u00fcnc\u00fc maddesinin 2\u2019inci f\u0131kras\u0131 gere\u011fince, talebin niteli\u011fine g\u00f6re talebinizin bizlere ula\u015ft\u0131\u011f\u0131 tarihten itibaren&nbsp;otuz g\u00fcn i\u00e7inde&nbsp;yan\u0131tland\u0131r\u0131lacakt\u0131r. Yan\u0131tlar\u0131m\u0131z ilgili KVK Kanunu\u2019nun 13\u2019\u00fcnc\u00fc maddesi h\u00fckm\u00fc gere\u011fince yaz\u0131l\u0131 veya elektronik ortamdan taraf\u0131n\u0131za ula\u015ft\u0131r\u0131lacakt\u0131r.<\/p>\n\n\n\n<p>K\u0130\u015e\u0130SEL VER\u0130LER\u0130N KORUNMASI BA\u015eVURU FORMU<\/p>\n\n\n\n<ol class=\"wp-block-list\">\n<li>Ba\u015fvuru Sahibi ileti\u015fim bilgileri:&nbsp;<\/li>\n<\/ol>\n\n\n\n<p>\u0130sim:<\/p>\n\n\n\n<p>Soy isim:&nbsp;<\/p>\n\n\n\n<p>TC Kimlik Numaras\u0131:&nbsp;<\/p>\n\n\n\n<p>Telefon Numaras\u0131:&nbsp;<\/p>\n\n\n\n<p>E-posta:&nbsp;<\/p>\n\n\n\n<p>Adres:&nbsp;<\/p>\n\n\n\n<ol class=\"wp-block-list\">\n<li>L\u00fctfen \u015eirketimiz ile olan ili\u015fkinizi&nbsp;&nbsp;belirtiniz (e\u011fitim kat\u0131l\u0131m tarihi , e\u011fitim ad\u0131, al\u0131nan hizmet v.b.)<\/li>\n<\/ol>\n\n\n\n<p>\u2026\u2026\u2026\u2026\u2026\u2026\u2026.\u2026\u2026\u2026\u2026\u2026\u2026\u2026\u2026\u2026\u2026\u2026\u2026\u2026\u2026\u2026\u2026\u2026\u2026\u2026\u2026\u2026\u2026&#8230;&#8230;&#8230;&#8230;&#8230;&#8230;&#8230;&#8230;&#8230;&#8230;&#8230;&#8230;&#8230;&#8230;&#8230;&#8230;&#8230;&#8230;&#8230;&#8230;&#8230;&#8230;..&nbsp;\u2026\u2026\u2026\u2026\u2026\u2026\u2026\u2026\u2026\u2026\u2026\u2026\u2026\u2026..\u2026\u2026\u2026\u2026\u2026\u2026\u2026\u2026\u2026\u2026\u2026\u2026\u2026\u2026.\u2026\u2026\u2026\u2026\u2026&#8230;\u2026\u2026\u2026\u2026\u2026\u2026\u2026\u2026\u2026\u2026\u2026\u2026\u2026\u2026\u2026\u2026\u2026\u2026\u2026&nbsp;<\/p>\n\n\n\n<p>\u2026\u2026\u2026\u2026\u2026\u2026\u2026..\u2026\u2026\u2026\u2026\u2026.\u2026\u2026\u2026\u2026\u2026\u2026\u2026\u2026\u2026\u2026\u2026\u2026.\u2026\u2026\u2026\u2026\u2026\u2026\u2026\u2026\u2026\u2026\u2026\u2026.\u2026\u2026\u2026\u2026\u2026\u2026\u2026\u2026\u2026\u2026\u2026\u2026\u2026\u2026\u2026\u2026\u2026\u2026\u2026\u2026\u2026\u2026\u2026\u2026\u2026\u2026\u2026\u2026\u2026\u2026\u2026\u2026\u2026\u2026\u2026\u2026\u2026\u2026\u2026\u2026\u2026\u2026\u2026\u2026\u2026\u2026\u2026\u2026\u2026\u2026\u2026\u2026\u2026\u2026\u2026\u2026\u2026\u2026\u2026\u2026\u2026\u2026\u2026\u2026\u2026\u2026\u2026\u2026\u2026\u2026\u2026<\/p>\n\n\n\n<ol class=\"wp-block-list\">\n<li>L\u00fctfen KVK Kanunu kapsam\u0131ndaki talebinizi detayl\u0131 olarak belirtiniz:&nbsp;\u2026\u2026\u2026\u2026\u2026\u2026\u2026..\u2026\u2026\u2026\u2026\u2026.\u2026\u2026\u2026\u2026\u2026\u2026\u2026\u2026\u2026\u2026\u2026\u2026.\u2026\u2026\u2026\u2026\u2026\u2026\u2026\u2026\u2026\u2026\u2026\u2026.\u2026\u2026\u2026\u2026\u2026\u2026\u2026\u2026\u2026\u2026\u2026\u2026\u2026\u2026\u2026\u2026\u2026\u2026\u2026\u2026\u2026\u2026\u2026\u2026\u2026\u2026\u2026\u2026\u2026\u2026\u2026\u2026\u2026\u2026\u2026\u2026\u2026\u2026\u2026\u2026\u2026\u2026\u2026\u2026\u2026\u2026\u2026\u2026\u2026\u2026\u2026\u2026\u2026\u2026\u2026\u2026\u2026\u2026\u2026\u2026\u2026\u2026\u2026\u2026\u2026\u2026\u2026\u2026\u2026\u2026\u2026\u2026\u2026\u2026\u2026\u2026\u2026\u2026\u2026\u2026\u2026\u2026\u2026\u2026\u2026\u2026\u2026\u2026\u2026\u2026\u2026\u2026\u2026\u2026\u2026\u2026\u2026\u2026\u2026\u2026\u2026\u2026\u2026\u2026\u2026\u2026\u2026\u2026\u2026\u2026\u2026\u2026\u2026\u2026\u2026\u2026\u2026\u2026\u2026\u2026\u2026\u2026\u2026\u2026\u2026\u2026\u2026\u2026\u2026\u2026\u2026\u2026\u2026\u2026\u2026\u2026\u2026\u2026\u2026\u2026\u2026\u2026\u2026\u2026\u2026\u2026\u2026\u2026\u2026\u2026\u2026\u2026\u2026\u2026\u2026\u2026\u2026\u2026\u2026\u2026\u2026\u2026\u2026\u2026\u2026\u2026\u2026\u2026\u2026\u2026\u2026\u2026\u2026\u2026\u2026\u2026\u2026\u2026\u2026\u2026\u2026\u2026\u2026\u2026\u2026\u2026\u2026\u2026\u2026\u2026\u2026\u2026\u2026\u2026\u2026\u2026\u2026\u2026\u2026\u2026\u2026\u2026\u2026\u2026\u2026\u2026\u2026\u2026\u2026\u2026\u2026\u2026\u2026\u2026\u2026\u2026\u2026\u2026\u2026\u2026\u2026\u2026\u2026\u2026\u2026\u2026\u2026\u2026\u2026\u2026\u2026\u2026\u2026\u2026\u2026\u2026\u2026\u2026\u2026\u2026\u2026\u2026\u2026\u2026\u2026\u2026\u2026\u2026\u2026\u2026\u2026\u2026\u2026\u2026\u2026\u2026\u2026\u2026\u2026\u2026\u2026\u2026\u2026\u2026\u2026\u2026\u2026\u2026\u2026\u2026\u2026\u2026\u2026\u2026\u2026\u2026\u2026\u2026\u2026\u2026\u2026\u2026\u2026\u2026\u2026\u2026\u2026\u2026\u2026\u2026\u2026\u2026\u2026\u2026\u2026\u2026\u2026\u2026\u2026\u2026\u2026\u2026\u2026\u2026\u2026\u2026\u2026\u2026\u2026\u2026\u2026\u2026\u2026\u2026\u2026\u2026\u2026\u2026\u2026\u2026\u2026\u2026\u2026\u2026\u2026\u2026\u2026\u2026\u2026\u2026\u2026\u2026\u2026\u2026\u2026\u2026\u2026\u2026\u2026\u2026\u2026\u2026\u2026\u2026\u2026\u2026\u2026\u2026\u2026\u2026\u2026\u2026\u2026\u2026\u2026\u2026\u2026\u2026\u2026\u2026\u2026\u2026\u2026\u2026\u2026\u2026\u2026\u2026\u2026\u2026\u2026\u2026\u2026\u2026\u2026\u2026\u2026\u2026\u2026\u2026\u2026\u2026\u2026\u2026\u2026\u2026\u2026\u2026\u2026\u2026\u2026\u2026\u2026\u2026\u2026\u2026\u2026\u2026\u2026\u2026\u2026\u2026\u2026\u2026\u2026\u2026\u2026\u2026\u2026\u2026\u2026\u2026\u2026\u2026\u2026\u2026\u2026\u2026\u2026\u2026\u2026\u2026\u2026\u2026\u2026\u2026\u2026\u2026\u2026\u2026\u2026\u2026\u2026\u2026\u2026\u2026\u2026\u2026\u2026\u2026\u2026\u2026\u2026\u2026\u2026\u2026\u2026\u2026\u2026\u2026\u2026\u2026\u2026\u2026\u2026\u2026\u2026\u2026\u2026\u2026\u2026\u2026\u2026\u2026\u2026\u2026\u2026\u2026\u2026\u2026\u2026\u2026\u2026\u2026\u2026\u2026\u2026\u2026\u2026\u2026\u2026\u2026\u2026\u2026\u2026\u2026\u2026\u2026\u2026\u2026\u2026\u2026\u2026\u2026\u2026\u2026\u2026\u2026\u2026\u2026\u2026\u2026\u2026<\/li>\n<\/ol>\n\n\n\n<ol class=\"wp-block-list\">\n<li>L\u00fctfen ba\u015fvurunuza verece\u011fimiz yan\u0131t\u0131n taraf\u0131n\u0131za bildirilme y\u00f6ntemini se\u00e7iniz:<\/li>\n\n\n\n<li>&nbsp;Adresime g\u00f6nderilmesini istiyorum.&nbsp;<\/li>\n\n\n\n<li>&nbsp;E-posta adresime g\u00f6nderilmesini istiyorum. (E-posta y\u00f6ntemini se\u00e7meniz h\u00e2linde size daha h\u0131zl\u0131 yan\u0131t verebilece\u011fiz.)&nbsp;<\/li>\n\n\n\n<li>&nbsp;Elden teslim almak istiyorum. (Vek\u00e2leten teslim al\u0131nmas\u0131 durumunda noter tasdikli vek\u00e2letname veya yetki belgesi olmas\u0131 gerekmektedir.)&nbsp;<\/li>\n<\/ol>\n\n\n\n<p>\u0130\u015fbu ba\u015fvuru formu, \u015eirketimiz ile olan ili\u015fkinizi tespit ederek, varsa, \u015eirketimiz taraf\u0131ndan i\u015flenen ki\u015fisel verilerinizi eksiksiz olarak belirleyerek, ilgili ba\u015fvurunuza do\u011fru ve kanuni s\u00fcresinde cevap verilebilmesi i\u00e7in tanzim edilmi\u015ftir. Hukuka ayk\u0131r\u0131 ve haks\u0131z bir \u015fekilde veri payla\u015f\u0131m\u0131ndan kaynaklanabilecek hukuki risklerin bertaraf edilmesi ve \u00f6zellikle ki\u015fisel verilerinizin g\u00fcvenli\u011finin sa\u011flanmas\u0131 amac\u0131yla, kimlik ve yetki tespiti i\u00e7in \u015eirketimiz ek evrak ve malumat (N\u00fcfus c\u00fczdan\u0131 veya s\u00fcr\u00fcc\u00fc belgesi sureti vb.) talep etme hakk\u0131n\u0131 sakl\u0131 tutar. Form kapsam\u0131nda iletmekte oldu\u011funuz taleplerinize ili\u015fkin bilgilerin do\u011fru ve g\u00fcncel olmamas\u0131 ya da yetkisiz bir ba\u015fvuru yap\u0131lmas\u0131 halinde \u015eirketimiz, s\u00f6z konusu yanl\u0131\u015f bilgi ya da yetkisiz ba\u015fvuru kaynakl\u0131 taleplerden dolay\u0131 mesuliyet kabul etmemektedir.<\/p>\n\n\n\n<p>&nbsp;Ba\u015fvuru Sahibi (Ki\u015fisel Veri Sahibi) Ad\u0131 Soyad\u0131 :<\/p>\n\n\n\n<p>&nbsp;Ba\u015fvuru Tarihi :<\/p>\n\n\n\n<p>&nbsp;\u0130mza :<\/p>\n","protected":false},"excerpt":{"rendered":"<p>VER\u0130 SORUMLUSU:\u00a0Heysem Yapay Zeka ve \u0130novasyon A.\u015e. Organize Sanayi B\u00f6lgesi Teknoloji Bulvar\u0131 ETGB Teknoloji Geli\u015ftirme B\u00f6lgesi\u00a0Yaz\u0131l\u0131m Kule 75.Y\u0131l OSB Mah. Bilim Cad. No:5 \u0130\u00e7 Kap\u0131 No:501 Odunpazar\u0131 &#8211; Eski\u015fehir GENEL&hellip;<\/p>\n","protected":false},"author":1,"featured_media":0,"parent":0,"menu_order":0,"comment_status":"closed","ping_status":"open","template":"","meta":{"footnotes":""},"class_list":["post-3","page","type-page","status-publish","hentry"],"yoast_head":"<!-- This site is optimized with the Yoast SEO plugin v24.1 - https:\/\/yoast.com\/wordpress\/plugins\/seo\/ -->\n<title>Gizlilik Politikas\u0131 - Heysem AI - Heysem Yapay Zeka ve \u0130novasyon A.\u015e.<\/title>\n<meta name=\"robots\" content=\"index, follow, max-snippet:-1, max-image-preview:large, max-video-preview:-1\" \/>\n<link rel=\"canonical\" href=\"https:\/\/heysemai.com\/tr\/gizlilik-politikasi\/\" \/>\n<meta property=\"og:locale\" content=\"tr_TR\" \/>\n<meta property=\"og:type\" content=\"article\" \/>\n<meta property=\"og:title\" content=\"Gizlilik Politikas\u0131 - Heysem AI - Heysem Yapay Zeka ve \u0130novasyon A.\u015e.\" \/>\n<meta property=\"og:description\" content=\"VER\u0130 SORUMLUSU:\u00a0Heysem Yapay Zeka ve \u0130novasyon A.\u015e. Organize Sanayi B\u00f6lgesi Teknoloji Bulvar\u0131 ETGB Teknoloji Geli\u015ftirme B\u00f6lgesi\u00a0Yaz\u0131l\u0131m Kule 75.Y\u0131l OSB Mah. Bilim Cad. No:5 \u0130\u00e7 Kap\u0131 No:501 Odunpazar\u0131 &#8211; Eski\u015fehir GENEL&hellip;\" \/>\n<meta property=\"og:url\" content=\"https:\/\/heysemai.com\/tr\/gizlilik-politikasi\/\" \/>\n<meta property=\"og:site_name\" content=\"Heysem AI - Heysem Yapay Zeka ve \u0130novasyon A.\u015e.\" \/>\n<meta property=\"article:modified_time\" content=\"2024-05-01T10:53:00+00:00\" \/>\n<meta property=\"og:image\" content=\"https:\/\/heysemai.com\/wp-content\/uploads\/2023\/08\/heysem_logo_square.jpg\" \/>\n\t<meta property=\"og:image:width\" content=\"1080\" \/>\n\t<meta property=\"og:image:height\" content=\"1080\" \/>\n\t<meta property=\"og:image:type\" content=\"image\/jpeg\" \/>\n<meta name=\"twitter:card\" content=\"summary_large_image\" \/>\n<meta name=\"twitter:label1\" content=\"Tahmini okuma s\u00fcresi\" \/>\n\t<meta name=\"twitter:data1\" content=\"3 dakika\" \/>\n<script type=\"application\/ld+json\" class=\"yoast-schema-graph\">{\"@context\":\"https:\/\/schema.org\",\"@graph\":[{\"@type\":\"WebPage\",\"@id\":\"https:\/\/heysemai.com\/gizlilik-politikasi\/\",\"url\":\"https:\/\/heysemai.com\/gizlilik-politikasi\/\",\"name\":\"Gizlilik Politikas\u0131 - Heysem AI - Heysem Yapay Zeka ve \u0130novasyon A.\u015e.\",\"isPartOf\":{\"@id\":\"https:\/\/heysemai.com\/#website\"},\"datePublished\":\"2023-08-18T21:54:05+00:00\",\"dateModified\":\"2024-05-01T10:53:00+00:00\",\"breadcrumb\":{\"@id\":\"https:\/\/heysemai.com\/gizlilik-politikasi\/#breadcrumb\"},\"inLanguage\":\"tr\",\"potentialAction\":[{\"@type\":\"ReadAction\",\"target\":[\"https:\/\/heysemai.com\/gizlilik-politikasi\/\"]}]},{\"@type\":\"BreadcrumbList\",\"@id\":\"https:\/\/heysemai.com\/gizlilik-politikasi\/#breadcrumb\",\"itemListElement\":[{\"@type\":\"ListItem\",\"position\":1,\"name\":\"Anasayfa\",\"item\":\"https:\/\/heysemai.com\/tr\/\"},{\"@type\":\"ListItem\",\"position\":2,\"name\":\"Gizlilik Politikas\u0131\"}]},{\"@type\":\"WebSite\",\"@id\":\"https:\/\/heysemai.com\/#website\",\"url\":\"https:\/\/heysemai.com\/\",\"name\":\"Heysem AI - Heysem Yapay Zeka ve \u0130novasyon A.\u015e.\",\"description\":\"Heysem AI | One Platform for More Productivity\",\"potentialAction\":[{\"@type\":\"SearchAction\",\"target\":{\"@type\":\"EntryPoint\",\"urlTemplate\":\"https:\/\/heysemai.com\/?s={search_term_string}\"},\"query-input\":{\"@type\":\"PropertyValueSpecification\",\"valueRequired\":true,\"valueName\":\"search_term_string\"}}],\"inLanguage\":\"tr\"}]}<\/script>\n<!-- \/ Yoast SEO plugin. -->","yoast_head_json":{"title":"Gizlilik Politikas\u0131 - Heysem AI - Heysem Yapay Zeka ve \u0130novasyon A.\u015e.","robots":{"index":"index","follow":"follow","max-snippet":"max-snippet:-1","max-image-preview":"max-image-preview:large","max-video-preview":"max-video-preview:-1"},"canonical":"https:\/\/heysemai.com\/tr\/gizlilik-politikasi\/","og_locale":"tr_TR","og_type":"article","og_title":"Gizlilik Politikas\u0131 - Heysem AI - Heysem Yapay Zeka ve \u0130novasyon A.\u015e.","og_description":"VER\u0130 SORUMLUSU:\u00a0Heysem Yapay Zeka ve \u0130novasyon A.\u015e. Organize Sanayi B\u00f6lgesi Teknoloji Bulvar\u0131 ETGB Teknoloji Geli\u015ftirme B\u00f6lgesi\u00a0Yaz\u0131l\u0131m Kule 75.Y\u0131l OSB Mah. Bilim Cad. No:5 \u0130\u00e7 Kap\u0131 No:501 Odunpazar\u0131 &#8211; Eski\u015fehir GENEL&hellip;","og_url":"https:\/\/heysemai.com\/tr\/gizlilik-politikasi\/","og_site_name":"Heysem AI - Heysem Yapay Zeka ve \u0130novasyon A.\u015e.","article_modified_time":"2024-05-01T10:53:00+00:00","og_image":[{"width":1080,"height":1080,"url":"https:\/\/heysemai.com\/wp-content\/uploads\/2023\/08\/heysem_logo_square.jpg","type":"image\/jpeg"}],"twitter_card":"summary_large_image","twitter_misc":{"Tahmini okuma s\u00fcresi":"3 dakika"},"schema":{"@context":"https:\/\/schema.org","@graph":[{"@type":"WebPage","@id":"https:\/\/heysemai.com\/gizlilik-politikasi\/","url":"https:\/\/heysemai.com\/gizlilik-politikasi\/","name":"Gizlilik Politikas\u0131 - Heysem AI - Heysem Yapay Zeka ve \u0130novasyon A.\u015e.","isPartOf":{"@id":"https:\/\/heysemai.com\/#website"},"datePublished":"2023-08-18T21:54:05+00:00","dateModified":"2024-05-01T10:53:00+00:00","breadcrumb":{"@id":"https:\/\/heysemai.com\/gizlilik-politikasi\/#breadcrumb"},"inLanguage":"tr","potentialAction":[{"@type":"ReadAction","target":["https:\/\/heysemai.com\/gizlilik-politikasi\/"]}]},{"@type":"BreadcrumbList","@id":"https:\/\/heysemai.com\/gizlilik-politikasi\/#breadcrumb","itemListElement":[{"@type":"ListItem","position":1,"name":"Anasayfa","item":"https:\/\/heysemai.com\/tr\/"},{"@type":"ListItem","position":2,"name":"Gizlilik Politikas\u0131"}]},{"@type":"WebSite","@id":"https:\/\/heysemai.com\/#website","url":"https:\/\/heysemai.com\/","name":"Heysem AI - Heysem Yapay Zeka ve \u0130novasyon A.\u015e.","description":"Heysem AI | One Platform for More Productivity","potentialAction":[{"@type":"SearchAction","target":{"@type":"EntryPoint","urlTemplate":"https:\/\/heysemai.com\/?s={search_term_string}"},"query-input":{"@type":"PropertyValueSpecification","valueRequired":true,"valueName":"search_term_string"}}],"inLanguage":"tr"}]}},"_links":{"self":[{"href":"https:\/\/heysemai.com\/tr\/wp-json\/wp\/v2\/pages\/3","targetHints":{"allow":["GET"]}}],"collection":[{"href":"https:\/\/heysemai.com\/tr\/wp-json\/wp\/v2\/pages"}],"about":[{"href":"https:\/\/heysemai.com\/tr\/wp-json\/wp\/v2\/types\/page"}],"author":[{"embeddable":true,"href":"https:\/\/heysemai.com\/tr\/wp-json\/wp\/v2\/users\/1"}],"replies":[{"embeddable":true,"href":"https:\/\/heysemai.com\/tr\/wp-json\/wp\/v2\/comments?post=3"}],"version-history":[{"count":3,"href":"https:\/\/heysemai.com\/tr\/wp-json\/wp\/v2\/pages\/3\/revisions"}],"predecessor-version":[{"id":1631,"href":"https:\/\/heysemai.com\/tr\/wp-json\/wp\/v2\/pages\/3\/revisions\/1631"}],"wp:attachment":[{"href":"https:\/\/heysemai.com\/tr\/wp-json\/wp\/v2\/media?parent=3"}],"curies":[{"name":"wp","href":"https:\/\/api.w.org\/{rel}","templated":true}]}}