{"id":17,"date":"2020-01-15T08:42:14","date_gmt":"2020-01-15T08:42:14","guid":{"rendered":"https:\/\/demosoledad.pencidesign.net\/soledad-digital-startup-multipurpose\/?page_id=17"},"modified":"2024-07-05T10:00:13","modified_gmt":"2024-07-05T07:00:13","slug":"iletisim","status":"publish","type":"page","link":"https:\/\/heysemai.com\/tr\/iletisim\/","title":{"rendered":"\u0130leti\u015fim"},"content":{"rendered":"\t\t<div data-elementor-type=\"wp-page\" data-elementor-id=\"17\" class=\"elementor elementor-17\">\n\t\t\t\t\t\t<section class=\"penci-section penci-dmcheck penci-elbg-activate penci-disSticky penci-structure-10 elementor-section elementor-top-section elementor-element elementor-element-f7ed357 elementor-section-boxed elementor-section-height-default elementor-section-height-default\" data-id=\"f7ed357\" data-element_type=\"section\" data-settings=\"{&quot;background_background&quot;:&quot;classic&quot;}\">\n\t\t\t\t\t\t<div class=\"elementor-container elementor-column-gap-extended\">\n\t\t\t\t\t<div class=\"penci-ercol-100 penci-ercol-order-1 penci-sticky-ct    elementor-column elementor-col-100 elementor-top-column elementor-element elementor-element-ce54cdf\" data-id=\"ce54cdf\" data-element_type=\"column\">\n\t\t\t<div class=\"elementor-widget-wrap elementor-element-populated\">\n\t\t\t\t\t\t<div class=\"elementor-element elementor-element-d2bc69d elementor-widget elementor-widget-penci-fancy_heading\" data-id=\"d2bc69d\" data-element_type=\"widget\" data-widget_type=\"penci-fancy_heading.default\">\n\t\t\t\t<div class=\"elementor-widget-container\">\n\t\t\t\t\t\t\t<div class=\"penci-fancy-heading penci-heading-text-center\">\r\n\t\t\t<div class=\"penci-fancy-heading-inner\">\r\n\t\t\t\t<h2 class=\"penci-heading-title\"><span class=\"inner-tit\">Bize Ula\u015f\u0131n<\/span><\/h2><div class=\"penci-heading-content entry-content\"><p>\u00c7\u00f6z\u00fcm orta\u011f\u0131m\u0131z olmak veya Heysem ile ilgili bilgi edinmek i\u00e7in bizimle ileti\u015fim kurun.<\/p>\n<\/div>\t\t\t<\/div>\r\n\t\t<\/div>\r\n\t\t\t\t\t\t<\/div>\n\t\t\t\t<\/div>\n\t\t\t\t\t<\/div>\n\t\t<\/div>\n\t\t\t\t\t<\/div>\n\t\t<\/section>\n\t\t\t\t<section class=\"penci-section penci-disSticky penci-structure-20 elementor-section elementor-top-section elementor-element elementor-element-35a3766 elementor-section-full_width elementor-section-content-middle elementor-section-height-default elementor-section-height-default\" data-id=\"35a3766\" data-element_type=\"section\">\n\t\t\t\t\t\t<div class=\"elementor-container elementor-column-gap-no\">\n\t\t\t\t\t<div class=\"penci-ercol-50 penci-ercol-order-1 penci-sticky-ct    elementor-column elementor-col-50 elementor-top-column elementor-element elementor-element-a5cf059\" data-id=\"a5cf059\" data-element_type=\"column\">\n\t\t\t<div class=\"elementor-widget-wrap elementor-element-populated\">\n\t\t\t\t\t\t<div class=\"elementor-element elementor-element-3bc4590 elementor-widget elementor-widget-image\" data-id=\"3bc4590\" data-element_type=\"widget\" data-widget_type=\"image.default\">\n\t\t\t\t<div class=\"elementor-widget-container\">\n\t\t\t\t\t\t\t\t\t\t\t\t\t\t\t<img fetchpriority=\"high\" decoding=\"async\" width=\"1024\" height=\"683\" src=\"https:\/\/heysemai.com\/wp-content\/uploads\/2020\/01\/7-1024x683.jpg\" class=\"attachment-large size-large wp-image-1112\" alt=\"\" srcset=\"https:\/\/heysemai.com\/wp-content\/uploads\/2020\/01\/7-1024x683.jpg 1024w, https:\/\/heysemai.com\/wp-content\/uploads\/2020\/01\/7-300x200.jpg 300w, https:\/\/heysemai.com\/wp-content\/uploads\/2020\/01\/7-768x512.jpg 768w, https:\/\/heysemai.com\/wp-content\/uploads\/2020\/01\/7-1536x1024.jpg 1536w, https:\/\/heysemai.com\/wp-content\/uploads\/2020\/01\/7-1170x780.jpg 1170w, https:\/\/heysemai.com\/wp-content\/uploads\/2020\/01\/7-585x390.jpg 585w, https:\/\/heysemai.com\/wp-content\/uploads\/2020\/01\/7-263x175.jpg 263w, https:\/\/heysemai.com\/wp-content\/uploads\/2020\/01\/7.jpg 1800w\" sizes=\"(max-width: 1024px) 100vw, 1024px\" \/>\t\t\t\t\t\t\t\t\t\t\t\t\t\t\t<\/div>\n\t\t\t\t<\/div>\n\t\t\t\t\t<\/div>\n\t\t<\/div>\n\t\t\t\t<div class=\"penci-ercol-50 penci-ercol-order-2 penci-sticky-ct    elementor-column elementor-col-50 elementor-top-column elementor-element elementor-element-ebe6d7e\" data-id=\"ebe6d7e\" data-element_type=\"column\">\n\t\t\t<div class=\"elementor-widget-wrap elementor-element-populated\">\n\t\t\t\t\t\t<div class=\"elementor-element elementor-element-ec80e54 elementor-widget elementor-widget-penci-fancy_heading\" data-id=\"ec80e54\" data-element_type=\"widget\" data-widget_type=\"penci-fancy_heading.default\">\n\t\t\t\t<div class=\"elementor-widget-container\">\n\t\t\t\t\t\t\t<div class=\"penci-fancy-heading penci-heading-text-center\">\r\n\t\t\t<div class=\"penci-fancy-heading-inner\">\r\n\t\t\t\t<h2 class=\"penci-heading-title\"><span class=\"inner-tit\">Mesaj G\u00f6nderin<\/span><\/h2><div class=\"penci-heading-content entry-content\"><p>A\u015fa\u011f\u0131daki form arac\u0131l\u0131\u011f\u0131yla mesaj\u0131n\u0131z\u0131 bize g\u00f6nderebilirsiniz.<\/p>\n<\/div>\t\t\t<\/div>\r\n\t\t<\/div>\r\n\t\t\t\t\t\t<\/div>\n\t\t\t\t<\/div>\n\t\t\t\t<div class=\"elementor-element elementor-element-dbca6d5 elementor-widget elementor-widget-shortcode\" data-id=\"dbca6d5\" data-element_type=\"widget\" data-widget_type=\"shortcode.default\">\n\t\t\t\t<div class=\"elementor-widget-container\">\n\t\t\t\t\t\t\t<div class=\"elementor-shortcode\"><div class=\"everest-forms\"><div class=\"evf-container default\" id=\"evf-1444\"><form id=\"evf-form-1444\" class=\"everest-form\" data-formid=\"1444\" data-ajax_submission=\"0\" data-keyboard_friendly_form=\"0\" method=\"post\" enctype=\"multipart\/form-data\" action=\"\/tr\/wp-json\/wp\/v2\/pages\/17\"><div class=\"evf-field-container\"><input type=\"hidden\" id=\"_wpnonce1444\" name=\"_wpnonce1444\" value=\"18e00a3a35\" \/><input type=\"hidden\" name=\"_wp_http_referer\" value=\"\/tr\/wp-json\/wp\/v2\/pages\/17\" \/><div class=\"evf-frontend-row\" data-row=\"row_1\" conditional_rules=\"[]\"><div class=\"evf-frontend-grid evf-grid-1\" data-grid=\"grid_1\"><div id=\"evf-1444-field_ys0GeZISRs-1-container\" class=\"evf-field evf-field-first-name form-row validate-required\" data-required-field-message=\"Bu alan zorunludur.\" data-field-id=\"ys0GeZISRs-1\"><label class=\"evf-field-label\" for=\"evf-1444-field_ys0GeZISRs-1\"><span class=\"evf-label\">\u0130sim Soyisim<\/span> <abbr class=\"required\" title=\"Required\">*<\/abbr><\/label><input type=\"text\" id=\"evf-1444-field_ys0GeZISRs-1\" class=\"input-text\" name=\"everest_forms[form_fields][ys0GeZISRs-1]\" required><\/div><div id=\"evf-1444-field_LbH5NxasXM-2-container\" class=\"evf-field evf-field-email form-row validate-required validate-email\" data-required-field-message=\"Please enter a valid email address.\" data-field-id=\"LbH5NxasXM-2\"><label class=\"evf-field-label\" for=\"evf-1444-field_LbH5NxasXM-2\"><span class=\"evf-label\">E-Posta<\/span> <abbr class=\"required\" title=\"Required\">*<\/abbr><\/label><input type=\"email\" id=\"evf-1444-field_LbH5NxasXM-2\" class=\"input-text\" name=\"everest_forms[form_fields][LbH5NxasXM-2]\" required ><\/div><div id=\"evf-1444-field_66FR384cge-3-container\" class=\"evf-field evf-field-text form-row validate-required\" data-required-field-message=\"Bu alan zorunludur.\" data-field-id=\"66FR384cge-3\"><label class=\"evf-field-label\" for=\"evf-1444-field_66FR384cge-3\"><span class=\"evf-label\">Telefon<\/span> <abbr class=\"required\" title=\"Required\">*<\/abbr><\/label><input type=\"text\" id=\"evf-1444-field_66FR384cge-3\" class=\"input-text\" name=\"everest_forms[form_fields][66FR384cge-3]\" required><\/div><div id=\"evf-1444-field_UsjplqJMCs-7-container\" class=\"evf-field evf-field-textarea form-row validate-required\" data-required-field-message=\"Bu alan zorunludur.\" data-field-id=\"UsjplqJMCs-7\"><label class=\"evf-field-label\" for=\"evf-1444-field_UsjplqJMCs-7\"><span class=\"evf-label\">Mesaj<\/span> <abbr class=\"required\" title=\"Required\">*<\/abbr><\/label><textarea id=\"evf-1444-field_UsjplqJMCs-7\" class=\"input-text\" name=\"everest_forms[form_fields][UsjplqJMCs-7]\" required ><\/textarea><\/div><div id=\"evf-1444-field_EZIvzaRCZi-5-container\" class=\"evf-field evf-field-checkbox form-row validate-required\" data-required-field-message=\"Bu alan zorunludur.\" data-field-id=\"EZIvzaRCZi-5\"><label class=\"evf-field-label\" for=\"evf-1444-field_EZIvzaRCZi-5\"><span class=\"evf-label\">Onay<\/span> <abbr class=\"required\" title=\"Required\">*<\/abbr><\/label><ul id=\"evf-1444-field_EZIvzaRCZi-5\" class=\" evf-field-required\"><li class=\"choice-1 depth-1\"><input type=\"checkbox\" id=\"evf-1444-field_EZIvzaRCZi-5_1\" class=\"input-text\" name=\"everest_forms[form_fields][EZIvzaRCZi-5][]\" value=\"Vermi\u015f Oldu\u011fum Bilgilerden Bana Ula\u015f\u0131lmas\u0131n\u0131 Onayl\u0131yorum\" required ><label class=\"everest-forms-field-label-inline\" for=\"evf-1444-field_EZIvzaRCZi-5_1\">Vermi\u015f Oldu\u011fum Bilgilerden Bana Ula\u015f\u0131lmas\u0131n\u0131 Onayl\u0131yorum<\/label><\/li><\/ul><\/div><\/div><\/div><div class=\"evf-frontend-row\" data-row=\"row_2\" conditional_rules=\"[]\"><div class=\"evf-frontend-grid evf-grid-1\" data-grid=\"grid_1\"><div id=\"evf-1444-field_oEPWaymnCM-8-container\" class=\"evf-field evf-field-recaptcha form-row\" data-field-id=\"oEPWaymnCM-8\"><label class=\"evf-field-label\" for=\"evf-1444-field_oEPWaymnCM-8\"><span class=\"evf-label\">reCaptcha<\/span> <\/label><div class=\"evf-recaptcha-container recaptcha-hidden\" style=\"display:block\"><input type=\"hidden\" name=\"everest_forms[recaptcha]\" value=\"\"><\/div><\/div><\/div><\/div><\/div><div class=\"evf-honeypot-container evf-field-hp\"><label for=\"evf-1444-field-hp\" class=\"evf-field-label\">Email<\/label><input type=\"text\" name=\"everest_forms[hp]\" id=\"evf-1444-field-hp\" class=\"input-text\"><\/div><div class=\"evf-submit-container \" ><input type=\"hidden\" name=\"everest_forms[id]\" value=\"1444\"><input type=\"hidden\" name=\"everest_forms[author]\" value=\"1\"><button type='submit' name='everest_forms[submit]' class='everest-forms-submit-button button evf-submit ' id='evf-submit-1444' value='evf-submit' data-process-text=\"Processing\u2026\" conditional_rules='&quot;&quot;' conditional_id='evf-submit-1444'  id=\"evf-submit-1444\" aria-live=\"assertive\">G\u00f6nder<\/button><\/div><\/form><\/div><!-- .evf-container --><\/div><\/div>\n\t\t\t\t\t\t<\/div>\n\t\t\t\t<\/div>\n\t\t\t\t\t<\/div>\n\t\t<\/div>\n\t\t\t\t\t<\/div>\n\t\t<\/section>\n\t\t\t\t<section class=\"penci-section penci-dmcheck penci-elbg-activate penci-disSticky penci-structure-30 elementor-section elementor-top-section elementor-element elementor-element-bfa76a4 elementor-section-boxed elementor-section-height-default elementor-section-height-default\" data-id=\"bfa76a4\" data-element_type=\"section\" data-settings=\"{&quot;background_background&quot;:&quot;classic&quot;}\">\n\t\t\t\t\t\t<div class=\"elementor-container elementor-column-gap-extended\">\n\t\t\t\t\t<div class=\"penci-ercol-33 penci-ercol-order-1 penci-sticky-sb penci-sidebarSC   elementor-column elementor-col-33 elementor-top-column elementor-element elementor-element-891a3ef\" data-id=\"891a3ef\" data-element_type=\"column\">\n\t\t\t<div class=\"elementor-widget-wrap elementor-element-populated\">\n\t\t\t\t\t\t<div class=\"elementor-element elementor-element-06e0fd9 elementor-widget elementor-widget-penci-info-box\" data-id=\"06e0fd9\" data-element_type=\"widget\" data-widget_type=\"penci-info-box.default\">\n\t\t\t\t<div class=\"elementor-widget-container\">\n\t\t\t\t\t        <div id=\"penci_info_box_77818\" class=\"penci-block-vc penci-info-box penci-ibox-top-center penci-view-stacked penci-shape-circle\">\r\n            <div class=\"penci-ibox-inner penci-animation-custom-1\">\r\n\t\t\t\t\t\t\t\t<div class=\"penci-ibox-icon penci-ibox-icon--icon penci-icon penci-tibox-icon\"><span class=\"penci-ibox-icon-fa\"><i class=\"penci-ibox-icon--i fa fa-map-marker\" aria-hidden=\"true\"><\/i><\/span><\/div>                <div class=\"penci-ibox-content-wrap\">\r\n\t\t\t\t\t\t\t\t\t\t<h3\r\n                            class=\"penci-ibox-title\">Adres<\/h3>\t\t\t\t\t\t\t\t\t\t                        <div class=\"penci-ibox-content\"><div class=\"page\" title=\"Page 1\">\n<div class=\"section\">\n<div class=\"layoutArea\">\n<div class=\"column\">\n<p>OSB Yaz\u0131l\u0131m Kule 75.Y\u0131l OSB Mah. Bilim Cad. No:5 \u0130\u00e7 Kap\u0131 No:501 Odunpazar\u0131 - Eski\u015fehir<\/p>\n<\/div>\n<\/div>\n<\/div>\n<\/div>\n<\/div>\t\t\t\t\t                <\/div>\r\n            <\/div>\r\n        <\/div>\r\n\t\t\t\t\t\t<\/div>\n\t\t\t\t<\/div>\n\t\t\t\t\t<\/div>\n\t\t<\/div>\n\t\t\t\t<div class=\"penci-ercol-33 penci-ercol-order-2 penci-sticky-sb penci-sidebarSC   elementor-column elementor-col-33 elementor-top-column elementor-element elementor-element-e4e47cb\" data-id=\"e4e47cb\" data-element_type=\"column\">\n\t\t\t<div class=\"elementor-widget-wrap elementor-element-populated\">\n\t\t\t\t\t\t<div class=\"elementor-element elementor-element-bb8b98f elementor-widget elementor-widget-penci-info-box\" data-id=\"bb8b98f\" data-element_type=\"widget\" data-widget_type=\"penci-info-box.default\">\n\t\t\t\t<div class=\"elementor-widget-container\">\n\t\t\t\t\t        <div id=\"penci_info_box_13387\" class=\"penci-block-vc penci-info-box penci-ibox-top-center penci-view-stacked penci-shape-circle\">\r\n            <div class=\"penci-ibox-inner penci-animation-custom-1\">\r\n\t\t\t\t\t\t\t\t<div class=\"penci-ibox-icon penci-ibox-icon--icon penci-icon penci-tibox-icon\"><span class=\"penci-ibox-icon-fa\"><i class=\"penci-ibox-icon--i fa fa-envelope\" aria-hidden=\"true\"><\/i><\/span><\/div>                <div class=\"penci-ibox-content-wrap\">\r\n\t\t\t\t\t\t\t\t\t\t<h3\r\n                            class=\"penci-ibox-title\">E-Posta<\/h3>\t\t\t\t\t\t\t\t\t\t                        <div class=\"penci-ibox-content\"><p>info@heysemai.com<\/p>\n<\/div>\t\t\t\t\t                <\/div>\r\n            <\/div>\r\n        <\/div>\r\n\t\t\t\t\t\t<\/div>\n\t\t\t\t<\/div>\n\t\t\t\t\t<\/div>\n\t\t<\/div>\n\t\t\t\t<div class=\"penci-ercol-33 penci-ercol-order-3 penci-sticky-sb penci-sidebarSC   elementor-column elementor-col-33 elementor-top-column elementor-element elementor-element-e489fe8\" data-id=\"e489fe8\" data-element_type=\"column\">\n\t\t\t<div class=\"elementor-widget-wrap elementor-element-populated\">\n\t\t\t\t\t\t<div class=\"elementor-element elementor-element-de51579 elementor-widget elementor-widget-penci-info-box\" data-id=\"de51579\" data-element_type=\"widget\" data-widget_type=\"penci-info-box.default\">\n\t\t\t\t<div class=\"elementor-widget-container\">\n\t\t\t\t\t        <div id=\"penci_info_box_77045\" class=\"penci-block-vc penci-info-box penci-ibox-top-center penci-view-stacked penci-shape-circle\">\r\n            <div class=\"penci-ibox-inner penci-animation-custom-1\">\r\n\t\t\t\t\t\t\t\t<div class=\"penci-ibox-icon penci-ibox-icon--icon penci-icon penci-tibox-icon\"><span class=\"penci-ibox-icon-fa\"><i class=\"penci-ibox-icon--i fa fa-mobile-phone\" aria-hidden=\"true\"><\/i><\/span><\/div>                <div class=\"penci-ibox-content-wrap\">\r\n\t\t\t\t\t\t\t\t\t\t<h3\r\n                            class=\"penci-ibox-title\">Telefon<\/h3>\t\t\t\t\t\t\t\t\t\t                        <div class=\"penci-ibox-content\"><p>+90 850 532 26 13<\/p>\n<\/div>\t\t\t\t\t                <\/div>\r\n            <\/div>\r\n        <\/div>\r\n\t\t\t\t\t\t<\/div>\n\t\t\t\t<\/div>\n\t\t\t\t\t<\/div>\n\t\t<\/div>\n\t\t\t\t\t<\/div>\n\t\t<\/section>\n\t\t<div class=\"elementor-element elementor-element-bb4c705 e-flex e-con-boxed e-con e-parent\" data-id=\"bb4c705\" data-element_type=\"container\">\n\t\t\t\t\t<div class=\"e-con-inner\">\n\t\t\t\t<div class=\"elementor-element elementor-element-bc05e22 elementor-widget elementor-widget-image\" data-id=\"bc05e22\" data-element_type=\"widget\" data-widget_type=\"image.default\">\n\t\t\t\t<div class=\"elementor-widget-container\">\n\t\t\t\t\t\t\t\t\t\t\t\t\t\t\t\t<a href=\"https:\/\/maps.app.goo.gl\/G1WdCuYqhzFiyZi27\" target=\"_blank\">\n\t\t\t\t\t\t\t<img decoding=\"async\" width=\"1794\" height=\"866\" src=\"https:\/\/heysemai.com\/wp-content\/uploads\/2024\/07\/Screenshot-2024-07-05-at-09.59.41.png\" class=\"attachment-full size-full wp-image-1690\" alt=\"\" srcset=\"https:\/\/heysemai.com\/wp-content\/uploads\/2024\/07\/Screenshot-2024-07-05-at-09.59.41.png 1794w, https:\/\/heysemai.com\/wp-content\/uploads\/2024\/07\/Screenshot-2024-07-05-at-09.59.41-300x145.png 300w, https:\/\/heysemai.com\/wp-content\/uploads\/2024\/07\/Screenshot-2024-07-05-at-09.59.41-1024x494.png 1024w, https:\/\/heysemai.com\/wp-content\/uploads\/2024\/07\/Screenshot-2024-07-05-at-09.59.41-768x371.png 768w, https:\/\/heysemai.com\/wp-content\/uploads\/2024\/07\/Screenshot-2024-07-05-at-09.59.41-1536x741.png 1536w, https:\/\/heysemai.com\/wp-content\/uploads\/2024\/07\/Screenshot-2024-07-05-at-09.59.41-18x9.png 18w, https:\/\/heysemai.com\/wp-content\/uploads\/2024\/07\/Screenshot-2024-07-05-at-09.59.41-1170x565.png 1170w, https:\/\/heysemai.com\/wp-content\/uploads\/2024\/07\/Screenshot-2024-07-05-at-09.59.41-585x282.png 585w\" sizes=\"(max-width: 1794px) 100vw, 1794px\" \/>\t\t\t\t\t\t\t\t<\/a>\n\t\t\t\t\t\t\t\t\t\t\t\t\t\t\t<\/div>\n\t\t\t\t<\/div>\n\t\t\t\t\t<\/div>\n\t\t\t\t<\/div>\n\t\t\t\t<\/div>\n\t\t","protected":false},"excerpt":{"rendered":"<p>Bize Ula\u015f\u0131n \u00c7\u00f6z\u00fcm orta\u011f\u0131m\u0131z olmak veya Heysem ile ilgili bilgi edinmek i\u00e7in bizimle ileti\u015fim kurun. Mesaj G\u00f6nderin A\u015fa\u011f\u0131daki form arac\u0131l\u0131\u011f\u0131yla mesaj\u0131n\u0131z\u0131 bize g\u00f6nderebilirsiniz. Adres OSB Yaz\u0131l\u0131m Kule 75.Y\u0131l OSB Mah.&hellip;<\/p>\n","protected":false},"author":1,"featured_media":0,"parent":0,"menu_order":0,"comment_status":"closed","ping_status":"closed","template":"page-fullwidth.php","meta":{"footnotes":""},"class_list":["post-17","page","type-page","status-publish","hentry"],"yoast_head":"<!-- This site is optimized with the Yoast SEO plugin v24.1 - https:\/\/yoast.com\/wordpress\/plugins\/seo\/ -->\n<title>\u0130leti\u015fim - Heysem AI - Heysem Yapay Zeka ve \u0130novasyon A.\u015e.<\/title>\n<meta name=\"robots\" content=\"index, follow, max-snippet:-1, max-image-preview:large, max-video-preview:-1\" \/>\n<link rel=\"canonical\" href=\"https:\/\/heysemai.com\/tr\/iletisim\/\" \/>\n<meta property=\"og:locale\" content=\"tr_TR\" \/>\n<meta property=\"og:type\" content=\"article\" \/>\n<meta property=\"og:title\" content=\"\u0130leti\u015fim - Heysem AI - Heysem Yapay Zeka ve \u0130novasyon A.\u015e.\" \/>\n<meta property=\"og:description\" content=\"Bize Ula\u015f\u0131n \u00c7\u00f6z\u00fcm orta\u011f\u0131m\u0131z olmak veya Heysem ile ilgili bilgi edinmek i\u00e7in bizimle ileti\u015fim kurun. Mesaj G\u00f6nderin A\u015fa\u011f\u0131daki form arac\u0131l\u0131\u011f\u0131yla mesaj\u0131n\u0131z\u0131 bize g\u00f6nderebilirsiniz. Adres OSB Yaz\u0131l\u0131m Kule 75.Y\u0131l OSB Mah.&hellip;\" \/>\n<meta property=\"og:url\" content=\"https:\/\/heysemai.com\/tr\/iletisim\/\" \/>\n<meta property=\"og:site_name\" content=\"Heysem AI - Heysem Yapay Zeka ve \u0130novasyon A.\u015e.\" \/>\n<meta property=\"article:modified_time\" content=\"2024-07-05T07:00:13+00:00\" \/>\n<meta property=\"og:image\" content=\"https:\/\/heysemai.com\/wp-content\/uploads\/2020\/01\/7-1024x683.jpg\" \/>\n<meta name=\"twitter:card\" content=\"summary_large_image\" \/>\n<meta name=\"twitter:label1\" content=\"Tahmini okuma s\u00fcresi\" \/>\n\t<meta name=\"twitter:data1\" content=\"1 dakika\" \/>\n<script type=\"application\/ld+json\" class=\"yoast-schema-graph\">{\"@context\":\"https:\/\/schema.org\",\"@graph\":[{\"@type\":\"WebPage\",\"@id\":\"https:\/\/heysemai.com\/iletisim\/\",\"url\":\"https:\/\/heysemai.com\/iletisim\/\",\"name\":\"\u0130leti\u015fim - Heysem AI - Heysem Yapay Zeka ve \u0130novasyon A.\u015e.\",\"isPartOf\":{\"@id\":\"https:\/\/heysemai.com\/#website\"},\"primaryImageOfPage\":{\"@id\":\"https:\/\/heysemai.com\/iletisim\/#primaryimage\"},\"image\":{\"@id\":\"https:\/\/heysemai.com\/iletisim\/#primaryimage\"},\"thumbnailUrl\":\"https:\/\/heysemai.com\/wp-content\/uploads\/2020\/01\/7-1024x683.jpg\",\"datePublished\":\"2020-01-15T08:42:14+00:00\",\"dateModified\":\"2024-07-05T07:00:13+00:00\",\"breadcrumb\":{\"@id\":\"https:\/\/heysemai.com\/iletisim\/#breadcrumb\"},\"inLanguage\":\"tr\",\"potentialAction\":[{\"@type\":\"ReadAction\",\"target\":[\"https:\/\/heysemai.com\/iletisim\/\"]}]},{\"@type\":\"ImageObject\",\"inLanguage\":\"tr\",\"@id\":\"https:\/\/heysemai.com\/iletisim\/#primaryimage\",\"url\":\"https:\/\/heysemai.com\/wp-content\/uploads\/2020\/01\/7-1024x683.jpg\",\"contentUrl\":\"https:\/\/heysemai.com\/wp-content\/uploads\/2020\/01\/7-1024x683.jpg\"},{\"@type\":\"BreadcrumbList\",\"@id\":\"https:\/\/heysemai.com\/iletisim\/#breadcrumb\",\"itemListElement\":[{\"@type\":\"ListItem\",\"position\":1,\"name\":\"Anasayfa\",\"item\":\"https:\/\/heysemai.com\/tr\/\"},{\"@type\":\"ListItem\",\"position\":2,\"name\":\"\u0130leti\u015fim\"}]},{\"@type\":\"WebSite\",\"@id\":\"https:\/\/heysemai.com\/#website\",\"url\":\"https:\/\/heysemai.com\/\",\"name\":\"Heysem AI - Heysem Yapay Zeka ve \u0130novasyon A.\u015e.\",\"description\":\"Heysem AI | One Platform for More Productivity\",\"potentialAction\":[{\"@type\":\"SearchAction\",\"target\":{\"@type\":\"EntryPoint\",\"urlTemplate\":\"https:\/\/heysemai.com\/?s={search_term_string}\"},\"query-input\":{\"@type\":\"PropertyValueSpecification\",\"valueRequired\":true,\"valueName\":\"search_term_string\"}}],\"inLanguage\":\"tr\"}]}<\/script>\n<!-- \/ Yoast SEO plugin. -->","yoast_head_json":{"title":"\u0130leti\u015fim - Heysem AI - Heysem Yapay Zeka ve \u0130novasyon A.\u015e.","robots":{"index":"index","follow":"follow","max-snippet":"max-snippet:-1","max-image-preview":"max-image-preview:large","max-video-preview":"max-video-preview:-1"},"canonical":"https:\/\/heysemai.com\/tr\/iletisim\/","og_locale":"tr_TR","og_type":"article","og_title":"\u0130leti\u015fim - Heysem AI - Heysem Yapay Zeka ve \u0130novasyon A.\u015e.","og_description":"Bize Ula\u015f\u0131n \u00c7\u00f6z\u00fcm orta\u011f\u0131m\u0131z olmak veya Heysem ile ilgili bilgi edinmek i\u00e7in bizimle ileti\u015fim kurun. Mesaj G\u00f6nderin A\u015fa\u011f\u0131daki form arac\u0131l\u0131\u011f\u0131yla mesaj\u0131n\u0131z\u0131 bize g\u00f6nderebilirsiniz. Adres OSB Yaz\u0131l\u0131m Kule 75.Y\u0131l OSB Mah.&hellip;","og_url":"https:\/\/heysemai.com\/tr\/iletisim\/","og_site_name":"Heysem AI - Heysem Yapay Zeka ve \u0130novasyon A.\u015e.","article_modified_time":"2024-07-05T07:00:13+00:00","og_image":[{"url":"https:\/\/heysemai.com\/wp-content\/uploads\/2020\/01\/7-1024x683.jpg","type":"","width":"","height":""}],"twitter_card":"summary_large_image","twitter_misc":{"Tahmini okuma s\u00fcresi":"1 dakika"},"schema":{"@context":"https:\/\/schema.org","@graph":[{"@type":"WebPage","@id":"https:\/\/heysemai.com\/iletisim\/","url":"https:\/\/heysemai.com\/iletisim\/","name":"\u0130leti\u015fim - Heysem AI - Heysem Yapay Zeka ve \u0130novasyon A.\u015e.","isPartOf":{"@id":"https:\/\/heysemai.com\/#website"},"primaryImageOfPage":{"@id":"https:\/\/heysemai.com\/iletisim\/#primaryimage"},"image":{"@id":"https:\/\/heysemai.com\/iletisim\/#primaryimage"},"thumbnailUrl":"https:\/\/heysemai.com\/wp-content\/uploads\/2020\/01\/7-1024x683.jpg","datePublished":"2020-01-15T08:42:14+00:00","dateModified":"2024-07-05T07:00:13+00:00","breadcrumb":{"@id":"https:\/\/heysemai.com\/iletisim\/#breadcrumb"},"inLanguage":"tr","potentialAction":[{"@type":"ReadAction","target":["https:\/\/heysemai.com\/iletisim\/"]}]},{"@type":"ImageObject","inLanguage":"tr","@id":"https:\/\/heysemai.com\/iletisim\/#primaryimage","url":"https:\/\/heysemai.com\/wp-content\/uploads\/2020\/01\/7-1024x683.jpg","contentUrl":"https:\/\/heysemai.com\/wp-content\/uploads\/2020\/01\/7-1024x683.jpg"},{"@type":"BreadcrumbList","@id":"https:\/\/heysemai.com\/iletisim\/#breadcrumb","itemListElement":[{"@type":"ListItem","position":1,"name":"Anasayfa","item":"https:\/\/heysemai.com\/tr\/"},{"@type":"ListItem","position":2,"name":"\u0130leti\u015fim"}]},{"@type":"WebSite","@id":"https:\/\/heysemai.com\/#website","url":"https:\/\/heysemai.com\/","name":"Heysem AI - Heysem Yapay Zeka ve \u0130novasyon A.\u015e.","description":"Heysem AI | One Platform for More Productivity","potentialAction":[{"@type":"SearchAction","target":{"@type":"EntryPoint","urlTemplate":"https:\/\/heysemai.com\/?s={search_term_string}"},"query-input":{"@type":"PropertyValueSpecification","valueRequired":true,"valueName":"search_term_string"}}],"inLanguage":"tr"}]}},"_links":{"self":[{"href":"https:\/\/heysemai.com\/tr\/wp-json\/wp\/v2\/pages\/17","targetHints":{"allow":["GET"]}}],"collection":[{"href":"https:\/\/heysemai.com\/tr\/wp-json\/wp\/v2\/pages"}],"about":[{"href":"https:\/\/heysemai.com\/tr\/wp-json\/wp\/v2\/types\/page"}],"author":[{"embeddable":true,"href":"https:\/\/heysemai.com\/tr\/wp-json\/wp\/v2\/users\/1"}],"replies":[{"embeddable":true,"href":"https:\/\/heysemai.com\/tr\/wp-json\/wp\/v2\/comments?post=17"}],"version-history":[{"count":42,"href":"https:\/\/heysemai.com\/tr\/wp-json\/wp\/v2\/pages\/17\/revisions"}],"predecessor-version":[{"id":1693,"href":"https:\/\/heysemai.com\/tr\/wp-json\/wp\/v2\/pages\/17\/revisions\/1693"}],"wp:attachment":[{"href":"https:\/\/heysemai.com\/tr\/wp-json\/wp\/v2\/media?parent=17"}],"curies":[{"name":"wp","href":"https:\/\/api.w.org\/{rel}","templated":true}]}}