{"id":12,"date":"2020-01-15T08:38:52","date_gmt":"2020-01-15T08:38:52","guid":{"rendered":"https:\/\/demosoledad.pencidesign.net\/soledad-digital-startup-multipurpose\/?page_id=12"},"modified":"2023-08-30T09:12:25","modified_gmt":"2023-08-30T09:12:25","slug":"our-blog","status":"publish","type":"page","link":"https:\/\/heysemai.com\/tr\/our-blog\/","title":{"rendered":"Heysem Blog"},"content":{"rendered":"\t\t<div data-elementor-type=\"wp-page\" data-elementor-id=\"12\" class=\"elementor elementor-12\">\n\t\t\t\t\t\t<section class=\"penci-section penci-dmcheck penci-elbg-activate penci-disSticky penci-structure-10 elementor-section elementor-top-section elementor-element elementor-element-3381ff0 elementor-section-boxed elementor-section-height-default elementor-section-height-default\" data-id=\"3381ff0\" data-element_type=\"section\" data-settings=\"{&quot;background_background&quot;:&quot;classic&quot;}\">\n\t\t\t\t\t\t<div class=\"elementor-container elementor-column-gap-extended\">\n\t\t\t\t\t<div class=\"penci-ercol-100 penci-ercol-order-1 penci-sticky-ct    elementor-column elementor-col-100 elementor-top-column elementor-element elementor-element-f86902b\" data-id=\"f86902b\" data-element_type=\"column\">\n\t\t\t<div class=\"elementor-widget-wrap elementor-element-populated\">\n\t\t\t\t\t\t<div class=\"elementor-element elementor-element-04a7998 elementor-widget elementor-widget-penci-fancy_heading\" data-id=\"04a7998\" data-element_type=\"widget\" data-widget_type=\"penci-fancy_heading.default\">\n\t\t\t\t<div class=\"elementor-widget-container\">\n\t\t\t\t\t\t\t<div class=\"penci-fancy-heading penci-heading-text-center\">\r\n\t\t\t<div class=\"penci-fancy-heading-inner\">\r\n\t\t\t\t<h2 class=\"penci-heading-title\"><span class=\"inner-tit\">Heysem Blog<\/span><\/h2><div class=\"penci-heading-content entry-content\"><p>Derin \u00f6\u011frenme ve bilgisayarla g\u00f6rme hakk\u0131ndaki yaz\u0131lar\u0131m\u0131z\u0131 okuyabilirsiniz.<\/p>\n<\/div>\t\t\t<\/div>\r\n\t\t<\/div>\r\n\t\t\t\t\t\t<\/div>\n\t\t\t\t<\/div>\n\t\t\t\t\t<\/div>\n\t\t<\/div>\n\t\t\t\t\t<\/div>\n\t\t<\/section>\n\t\t\t\t<section class=\"penci-section penci-disSticky penci-structure-10 elementor-section elementor-top-section elementor-element elementor-element-53d8625 elementor-section-boxed elementor-section-height-default elementor-section-height-default\" data-id=\"53d8625\" data-element_type=\"section\">\n\t\t\t\t\t\t<div class=\"elementor-container elementor-column-gap-no\">\n\t\t\t\t\t<div class=\"penci-ercol-100 penci-ercol-order-1 penci-sticky-ct    elementor-column elementor-col-100 elementor-top-column elementor-element elementor-element-3fec1a4\" data-id=\"3fec1a4\" data-element_type=\"column\">\n\t\t\t<div class=\"elementor-widget-wrap elementor-element-populated\">\n\t\t\t\t\t\t<div class=\"elementor-element elementor-element-9e3292b elementor-widget elementor-widget-penci-latest-posts\" data-id=\"9e3292b\" data-element_type=\"widget\" data-widget_type=\"penci-latest-posts.default\">\n\t\t\t\t<div class=\"elementor-widget-container\">\n\t\t\t\t\t                <div id=\"pencilatest_posts_63063\" class=\"penci-latest-posts-sc penci-latest-posts-grid penci-latest-posts-el penci-el-mixed-s1 penci-latest-posts-left penci-std-continue-center penci-std-excerpt-center penci-grid-excerpt-left\">\r\n\t\t\t\t\t                    <div class=\"penci-wrapper-posts-ajax\">\r\n\r\n                        <div class=\"penci-wrapper-posts-content pwid-default\">\r\n\r\n\t\t\t\t\t\t\t\t\t\t\t\t\t\t\t                                <ul class=\"penci-wrapper-data penci-grid penci-shortcode-render\">\t\t\t\t\t\t\t\t\t\t\t\t\t\t\t\t\t\t\t\t<li class=\"grid-style\">\r\n\t<article id=\"post-1643\" class=\"item hentry\">\r\n\t\t\t\t\t<div class=\"thumbnail\">\r\n\t\t\t\t\t\t\t\t\t\t\t\t<a class=\"penci-image-holder penci-lazy\" data-bgset=\"https:\/\/heysemai.com\/wp-content\/uploads\/2024\/05\/WhatsApp-Image-2024-05-13-at-14.09.58-585x390.jpeg\" href=\"https:\/\/heysemai.com\/tr\/2024\/05\/13\/eskisehir-ticaret-odasi-uyelerine-indirim\/\" title=\"Eski\u015fehir Ticaret Odas\u0131 \u00dcyelerine \u0130ndirim\">\r\n\t\t\t\t<\/a>\r\n\t\t\t\t\r\n\t\t\t\t\t\t\t\t\t\t\t\t\t\t\t\t\t\t\t\t\t\t\t\t\t\t\t\t\t\t\t\t\t\t\t\t<\/div>\r\n\t\t\r\n\t\t<div class=\"grid-header-box\">\r\n\t\t\t\t\t\t\t<span class=\"cat\"><a style=\"\" class=\"penci-cat-name penci-cat-14\" href=\"https:\/\/heysemai.com\/tr\/category\/ai\/\"  rel=\"category tag\"><span style=\"\">AI<\/span><\/a><a style=\"\" class=\"penci-cat-name penci-cat-15\" href=\"https:\/\/heysemai.com\/tr\/category\/general\/\"  rel=\"category tag\"><span style=\"\">General<\/span><\/a><\/span>\r\n\t\t\t\r\n\t\t\t<h2 class=\"penci-entry-title entry-title grid-title\"><a href=\"https:\/\/heysemai.com\/tr\/2024\/05\/13\/eskisehir-ticaret-odasi-uyelerine-indirim\/\">Eski\u015fehir Ticaret Odas\u0131 \u00dcyelerine \u0130ndirim<\/a><\/h2>\r\n\t\t\t\t\t<div class=\"penci-hide-tagupdated\">\n\t\t\t<span class=\"author-italic author vcard\">by                                         <a class=\"author-url url fn n\"\n                                           href=\"https:\/\/heysemai.com\/tr\/author\/heysemai\/\">heysemai<\/a>\n\t\t\t\t\t\t\t\t\t<\/span>\n\t\t\t<time class=\"entry-date published\" datetime=\"2024-05-13T16:38:38+03:00\">May\u0131s 13, 2024<\/time>\t\t<\/div>\n\t\t\t\t\t\t\t\t\t<div class=\"grid-post-box-meta\">\r\n\t\t\t\t\t\t\t\t\t\t\t<span class=\"otherl-date-author author-italic author vcard\">by                                 <a class=\"author-url url fn n\"\r\n                                   href=\"https:\/\/heysemai.com\/tr\/author\/heysemai\/\">heysemai<\/a>\r\n\t\t\t\t\t\t\t<\/span>\r\n\t\t\t\t\t\t\t\t\t\t\t\t\t\t\t\t<span class=\"otherl-date\"><time class=\"entry-date published\" datetime=\"2024-05-13T16:38:38+03:00\">May\u0131s 13, 2024<\/time><\/span>\r\n\t\t\t\t\t\t\t\t\t\t\t\t\t\t\t<span>608 views<\/span>\t\t\t\t\t\t\t\t\t\t\t\t\t\t<\/div>\r\n\t\t\t\t\t<\/div>\r\n\r\n\t\t\r\n\t\t\r\n\t\t\t<\/article>\r\n<\/li>\r\n<li class=\"grid-style\">\r\n\t<article id=\"post-1522\" class=\"item hentry\">\r\n\t\t\t\t\t<div class=\"thumbnail\">\r\n\t\t\t\t\t\t\t\t\t\t\t\t<a class=\"penci-image-holder penci-lazy\" data-bgset=\"https:\/\/heysemai.com\/wp-content\/uploads\/2023\/09\/iStock-1419897613-585x390.jpg\" href=\"https:\/\/heysemai.com\/tr\/2023\/09\/30\/heysem-isminin-anlami-nedir\/\" title=\"Heysem \u0130sminin Anlam\u0131 Nedir?\">\r\n\t\t\t\t<\/a>\r\n\t\t\t\t\r\n\t\t\t\t\t\t\t\t\t\t\t\t\t\t\t\t\t\t\t\t\t\t\t\t\t\t\t\t\t\t\t\t\t\t\t\t<\/div>\r\n\t\t\r\n\t\t<div class=\"grid-header-box\">\r\n\t\t\t\t\t\t\t<span class=\"cat\"><a style=\"\" class=\"penci-cat-name penci-cat-14\" href=\"https:\/\/heysemai.com\/tr\/category\/ai\/\"  rel=\"category tag\"><span style=\"\">AI<\/span><\/a><\/span>\r\n\t\t\t\r\n\t\t\t<h2 class=\"penci-entry-title entry-title grid-title\"><a href=\"https:\/\/heysemai.com\/tr\/2023\/09\/30\/heysem-isminin-anlami-nedir\/\">Heysem \u0130sminin Anlam\u0131 Nedir?<\/a><\/h2>\r\n\t\t\t\t\t<div class=\"penci-hide-tagupdated\">\n\t\t\t<span class=\"author-italic author vcard\">by                                         <a class=\"author-url url fn n\"\n                                           href=\"https:\/\/heysemai.com\/tr\/author\/heysemai\/\">heysemai<\/a>\n\t\t\t\t\t\t\t\t\t<\/span>\n\t\t\t<time class=\"entry-date published\" datetime=\"2023-09-30T12:40:00+03:00\">Eyl\u00fcl 30, 2023<\/time>\t\t<\/div>\n\t\t\t\t\t\t\t\t\t<div class=\"grid-post-box-meta\">\r\n\t\t\t\t\t\t\t\t\t\t\t<span class=\"otherl-date-author author-italic author vcard\">by                                 <a class=\"author-url url fn n\"\r\n                                   href=\"https:\/\/heysemai.com\/tr\/author\/heysemai\/\">heysemai<\/a>\r\n\t\t\t\t\t\t\t<\/span>\r\n\t\t\t\t\t\t\t\t\t\t\t\t\t\t\t\t<span class=\"otherl-date\"><time class=\"entry-date published\" datetime=\"2023-09-30T12:40:00+03:00\">Eyl\u00fcl 30, 2023<\/time><\/span>\r\n\t\t\t\t\t\t\t\t\t\t\t\t\t\t\t<span>3,1K views<\/span>\t\t\t\t\t\t\t\t\t\t\t\t\t\t<\/div>\r\n\t\t\t\t\t<\/div>\r\n\r\n\t\t\r\n\t\t\r\n\t\t\t<\/article>\r\n<\/li>\r\n\r\n\t\t\t\t\t\t\t\t\t\t\t\t\t\t\t\t\t\t\t\t\t\t\t\t\t\t\t\t<\/ul>\r\n\t\t\t\t\t\t\t                            <div class=\"penci-pagination penci-ajax-more penci-ajax-home penci-ajax-more-click\">\r\n                                <a class=\"penci-ajax-more-button\" aria-label=\"More Posts\" href=\"#\"\r\n                                   data-blockuid=\"pencilatest_posts_63063\"\r\n\t\t\t\t\t\t\t\t\t                                   data-query=\"{&quot;orderby&quot;:&quot;date&quot;,&quot;order&quot;:&quot;desc&quot;,&quot;ignore_sticky_posts&quot;:1,&quot;post_status&quot;:&quot;publish&quot;,&quot;post__not_in&quot;:[],&quot;post_type&quot;:&quot;post&quot;,&quot;posts_per_page&quot;:9,&quot;tax_query&quot;:[],&quot;paged&quot;:1}\"\r\n                                   data-query_type=\"post\"\r\n                                   data-mes=\"Sorry, No more posts\"\r\n                                   data-layout=\"grid\"\r\n                                   data-number=\"6\"\r\n                                   data-offset=\"9\" data-exclude=\"\" data-from=\"vc\" data-come_from=\"vc-elementor\"\r\n                                   data-template=\"sidebar\"\r\n                                   data-mixed=\"s1\">\r\n                                    <span class=\"ajax-more-text\">Load More Posts<\/span><span\r\n                                            class=\"ajaxdot\"><\/span><i class=\"penci-faicon fa fa-refresh\" ><\/i>                                <\/a>\r\n                            <\/div>\r\n\t\t\t\t\t\t\t<script>if( typeof(penciBlock) === \"undefined\" ) {function penciBlock() { this.atts_json = ''; this.content = ''; }}var penciBlocksArray = penciBlocksArray || [];var PENCILOCALCACHE = PENCILOCALCACHE || {};var pencilatest_posts_63063 = new penciBlock();pencilatest_posts_63063.blockID=\"pencilatest_posts_63063\";pencilatest_posts_63063.atts_json = '{\"style\":\"grid\",\"heading\":\"Heading Title\",\"heading_title_style\":\"\",\"heading_title_link\":\"\",\"heading_title_align\":\"\",\"hide_block_heading\":\"yes\",\"heading_icon_pos\":\"\",\"heading_icon\":\"\",\"number\":\"10\",\"paging\":\"loadmore\",\"morenum\":6,\"exclude\":\"\",\"build_query\":\"\",\"elementor_query\":{\"orderby\":\"date\",\"order\":\"desc\",\"ignore_sticky_posts\":1,\"post_status\":\"publish\",\"post__not_in\":[],\"post_type\":\"post\",\"posts_per_page\":9,\"tax_query\":[]},\"wpblock\":\"\",\"penci_mixed_style\":\"s1\",\"post_alignment\":\"left\",\"share_alignment\":\"\",\"penci_items_martop\":\"\",\"penci_bitems_martop\":\"\",\"penci_sitems_martop\":\"\",\"list_imgwidth\":\"\",\"block_title_color\":\"\",\"block_title_hcolor\":\"\",\"btitle_bcolor\":\"\",\"btitle_outer_bcolor\":\"\",\"btitle_style5_bcolor\":\"\",\"btitle_style78_bcolor\":\"\",\"btitle_bgcolor\":\"\",\"btitle_outer_bgcolor\":\"\",\"btitle_style9_bgimg\":\"\",\"use_btitle_typo\":\"\",\"btitle_typo\":\"\",\"btitle_fsize\":\"\",\"block_title_offupper\":\"\",\"block_title_marginbt\":\"\",\"btitle_shapes_color\":\"\",\"bgstyle15_color\":\"\",\"iconstyle15_color\":\"\",\"cl_lines\":\"\",\"pborder_color\":\"\",\"ptitle_color\":\"\",\"ptitle_hcolor\":\"\",\"use_ptitle_typo\":\"\",\"ptitle_typo\":\"\",\"ptitle_fsize\":\"\",\"pmeta_color\":\"\",\"pmeta_hcolor\":\"\",\"pauthor_color\":\"\",\"pmeta_border_color\":\"\",\"use_pmeta_typo\":\"\",\"pmeta_fsize\":\"\",\"pmeta_typo\":\"\",\"pexcrept_color\":\"\",\"use_pexcrept_typo\":\"\",\"pexcrept_fsize\":\"\",\"pexcrept_typo\":\"\",\"pcat_color\":\"\",\"pcat_hcolor\":\"\",\"use_pcat_typo\":\"\",\"pcat_fsize\":\"\",\"pcat_typo\":\"\",\"prmore_color\":\"\",\"prmore_hcolor\":\"\",\"use_prmore_typo\":\"\",\"prmore_fsize\":\"\",\"prmore_typo\":\"\",\"pag_icon_fsize\":\"\",\"pshare_color\":\"\",\"pshare_hcolor\":\"\",\"pshare_border_color\":\"\",\"pshare_fsize\":\"\",\"pagination_icon\":\"\",\"pagination_size\":\"\",\"pagination_color\":\"\",\"pagination_bordercolor\":\"\",\"pagination_bgcolor\":\"\",\"pagination_hcolor\":\"\",\"pagination_hbordercolor\":\"\",\"pagination_hbgcolor\":\"\",\"standard_meta_overlay\":\"\",\"standard_thumbnail\":\"\",\"std_dis_at_gallery\":\"\",\"standard_thumb_crop\":\"\",\"standard_share_box\":\"\",\"standard_cat\":\"\",\"standard_author\":\"\",\"standard_date\":\"\",\"standard_comment\":\"\",\"standard_viewscount\":\"\",\"standard_readtime\":\"\",\"standard_remove_line\":\"\",\"standard_auto_excerpt\":\"yes\",\"standard_remove_excerpt\":\"\",\"standard_effect_button\":\"\",\"std_continue_btn\":\"\",\"grid_icon_format\":\"\",\"grid_meta_overlay\":\"\",\"grid_uppercase_cat\":\"\",\"grid_lightbox_video\":\"\",\"grid_nocrop_list\":\"\",\"grid_share_box\":\"yes\",\"grid_cat\":\"\",\"grid_author\":\"\",\"grid_date\":\"\",\"grid_comment\":\"\",\"grid_comment_other\":\"\",\"grid_viewscount\":\"yes\",\"grid_readtime\":\"\",\"grid_remove_line\":\"yes\",\"grid_remove_excerpt\":\"yes\",\"grid_add_readmore\":\"\",\"grid_remove_arrow\":\"\",\"grid_readmore_button\":\"\",\"grid_readmore_align\":\"left\",\"grid_excerpt_length\":\"\",\"standard_excerpt_length\":\"\",\"std_continue_align\":\"center\",\"std_excerpt_align\":\"center\",\"grid_excerpt_align\":\"left\",\"order_columns\":\"\",\"order_columns_tablet\":\"\",\"order_columns_mobile\":\"\",\"order_column_gap\":\"\",\"order_row_gap\":\"\",\"infeed_num\":\"3\",\"infeed_code\":\"\",\"infeed_layout\":\"\",\"bptitle_color\":\"\",\"bptitle_hcolor\":\"\",\"bptitle_fsize\":\"\",\"bpmeta_color\":\"\",\"bpmeta_hcolor\":\"\",\"bpauthor_color\":\"\",\"bpmeta_border_color\":\"\",\"bpmeta_fsize\":\"\",\"bpcat_color\":\"\",\"bpcat_hcolor\":\"\",\"bpcat_fsize\":\"\",\"bpexcerpt_size\":\"\",\"bsocialshare_size\":\"\",\"standard_title_length\":\"\",\"grid_title_length\":\"\",\"penci_featimg_size\":null,\"penci_featimg_ratio\":null,\"thumb_size\":\"\",\"thumb_bigsize\":\"\",\"archive_buider_check\":\"post\",\"biggrid_ajaxfilter_cat\":\"\",\"biggrid_ajaxfilter_tag\":\"\",\"biggrid_ajaxfilter_author\":\"\",\"group_more_link_text\":\"\",\"group_more_defaultab_text\":\"T\\u00fcm\\u00fc\",\"biggrid_ajax_loading_style\":\"df\",\"validator\":\"\",\"keys\":\"\",\"acf\":\"\",\"label\":\"\",\"divider\":\"\",\"cspost_enable\":\"\",\"cspost_cpost_meta\":\"\",\"cspost_cpost_acf_meta\":\"\",\"cspost_cpost_meta_label\":\"\",\"cspost_cpost_meta_divider\":\"\",\"wrapper_css\":\"\",\"category_ids\":\"\",\"taxonomy\":\"\"}';penciBlocksArray.push(pencilatest_posts_63063);<\/script>\t\t\t\t\t\t\t                        <\/div>\r\n\r\n\t\t\t\t\t\t                    <\/div>\r\n                <\/div>\r\n\t\t\t            <style>\r\n                                                                                                                                #pencilatest_posts_63063                .list-post .header-list-style:after,\r\n                #pencilatest_posts_63063 .grid-header-box:after,\r\n                #pencilatest_posts_63063 .penci-overlay-over .overlay-header-box:after,\r\n                #pencilatest_posts_63063 .home-featured-cat-content .first-post .magcat-detail .mag-header:after {\r\n                    content: none;\r\n                }\r\n                #pencilatest_posts_63063                .list-post .header-list-style, #pencilatest_posts_63063 .grid-header-box,\r\n                #pencilatest_posts_63063 .penci-overlay-over .overlay-header-box,\r\n                #pencilatest_posts_63063 .home-featured-cat-content .first-post .magcat-detail .mag-header {\r\n                    padding-bottom: 0;\r\n                }\r\n                                                                            <\/style>\r\n\t\t\t\t\t\t\t<\/div>\n\t\t\t\t<\/div>\n\t\t\t\t\t<\/div>\n\t\t<\/div>\n\t\t\t\t\t<\/div>\n\t\t<\/section>\n\t\t\t\t<\/div>\n\t\t","protected":false},"excerpt":{"rendered":"<p>Heysem Blog Derin \u00f6\u011frenme ve bilgisayarla g\u00f6rme hakk\u0131ndaki yaz\u0131lar\u0131m\u0131z\u0131 okuyabilirsiniz. Agency Tiny Trend: Mouse Interactions In Design by heysemai \u015eubat 28, 2019 by heysemai \u015eubat 28, 2019 26 views Interactive&hellip;<\/p>\n","protected":false},"author":1,"featured_media":0,"parent":0,"menu_order":0,"comment_status":"closed","ping_status":"closed","template":"page-fullwidth.php","meta":{"footnotes":""},"class_list":["post-12","page","type-page","status-publish","hentry"],"yoast_head":"<!-- This site is optimized with the Yoast SEO plugin v24.1 - https:\/\/yoast.com\/wordpress\/plugins\/seo\/ -->\n<title>Heysem Blog - Heysem AI - Heysem Yapay Zeka ve \u0130novasyon A.\u015e.<\/title>\n<meta name=\"robots\" content=\"index, follow, max-snippet:-1, max-image-preview:large, max-video-preview:-1\" \/>\n<link rel=\"canonical\" href=\"https:\/\/heysemai.com\/tr\/our-blog\/\" \/>\n<meta property=\"og:locale\" content=\"tr_TR\" \/>\n<meta property=\"og:type\" content=\"article\" \/>\n<meta property=\"og:title\" content=\"Heysem Blog - Heysem AI - Heysem Yapay Zeka ve \u0130novasyon A.\u015e.\" \/>\n<meta property=\"og:description\" content=\"Heysem Blog Derin \u00f6\u011frenme ve bilgisayarla g\u00f6rme hakk\u0131ndaki yaz\u0131lar\u0131m\u0131z\u0131 okuyabilirsiniz. Agency Tiny Trend: Mouse Interactions In Design by heysemai \u015eubat 28, 2019 by heysemai \u015eubat 28, 2019 26 views Interactive&hellip;\" \/>\n<meta property=\"og:url\" content=\"https:\/\/heysemai.com\/tr\/our-blog\/\" \/>\n<meta property=\"og:site_name\" content=\"Heysem AI - Heysem Yapay Zeka ve \u0130novasyon A.\u015e.\" \/>\n<meta property=\"article:modified_time\" content=\"2023-08-30T09:12:25+00:00\" \/>\n<meta property=\"og:image\" content=\"https:\/\/heysemai.com\/wp-content\/uploads\/2023\/08\/heysem_logo_square.jpg\" \/>\n\t<meta property=\"og:image:width\" content=\"1080\" \/>\n\t<meta property=\"og:image:height\" content=\"1080\" \/>\n\t<meta property=\"og:image:type\" content=\"image\/jpeg\" \/>\n<meta name=\"twitter:card\" content=\"summary_large_image\" \/>\n<meta name=\"twitter:label1\" content=\"Tahmini okuma s\u00fcresi\" \/>\n\t<meta name=\"twitter:data1\" content=\"2 dakika\" \/>\n<script type=\"application\/ld+json\" class=\"yoast-schema-graph\">{\"@context\":\"https:\/\/schema.org\",\"@graph\":[{\"@type\":\"WebPage\",\"@id\":\"https:\/\/heysemai.com\/our-blog\/\",\"url\":\"https:\/\/heysemai.com\/our-blog\/\",\"name\":\"Heysem Blog - Heysem AI - Heysem Yapay Zeka ve \u0130novasyon A.\u015e.\",\"isPartOf\":{\"@id\":\"https:\/\/heysemai.com\/#website\"},\"datePublished\":\"2020-01-15T08:38:52+00:00\",\"dateModified\":\"2023-08-30T09:12:25+00:00\",\"breadcrumb\":{\"@id\":\"https:\/\/heysemai.com\/our-blog\/#breadcrumb\"},\"inLanguage\":\"tr\",\"potentialAction\":[{\"@type\":\"ReadAction\",\"target\":[\"https:\/\/heysemai.com\/our-blog\/\"]}]},{\"@type\":\"BreadcrumbList\",\"@id\":\"https:\/\/heysemai.com\/our-blog\/#breadcrumb\",\"itemListElement\":[{\"@type\":\"ListItem\",\"position\":1,\"name\":\"Anasayfa\",\"item\":\"https:\/\/heysemai.com\/tr\/\"},{\"@type\":\"ListItem\",\"position\":2,\"name\":\"Heysem Blog\"}]},{\"@type\":\"WebSite\",\"@id\":\"https:\/\/heysemai.com\/#website\",\"url\":\"https:\/\/heysemai.com\/\",\"name\":\"Heysem AI - Heysem Yapay Zeka ve \u0130novasyon A.\u015e.\",\"description\":\"Heysem AI | One Platform for More Productivity\",\"potentialAction\":[{\"@type\":\"SearchAction\",\"target\":{\"@type\":\"EntryPoint\",\"urlTemplate\":\"https:\/\/heysemai.com\/?s={search_term_string}\"},\"query-input\":{\"@type\":\"PropertyValueSpecification\",\"valueRequired\":true,\"valueName\":\"search_term_string\"}}],\"inLanguage\":\"tr\"}]}<\/script>\n<!-- \/ Yoast SEO plugin. -->","yoast_head_json":{"title":"Heysem Blog - Heysem AI - Heysem Yapay Zeka ve \u0130novasyon A.\u015e.","robots":{"index":"index","follow":"follow","max-snippet":"max-snippet:-1","max-image-preview":"max-image-preview:large","max-video-preview":"max-video-preview:-1"},"canonical":"https:\/\/heysemai.com\/tr\/our-blog\/","og_locale":"tr_TR","og_type":"article","og_title":"Heysem Blog - Heysem AI - Heysem Yapay Zeka ve \u0130novasyon A.\u015e.","og_description":"Heysem Blog Derin \u00f6\u011frenme ve bilgisayarla g\u00f6rme hakk\u0131ndaki yaz\u0131lar\u0131m\u0131z\u0131 okuyabilirsiniz. Agency Tiny Trend: Mouse Interactions In Design by heysemai \u015eubat 28, 2019 by heysemai \u015eubat 28, 2019 26 views Interactive&hellip;","og_url":"https:\/\/heysemai.com\/tr\/our-blog\/","og_site_name":"Heysem AI - Heysem Yapay Zeka ve \u0130novasyon A.\u015e.","article_modified_time":"2023-08-30T09:12:25+00:00","og_image":[{"width":1080,"height":1080,"url":"https:\/\/heysemai.com\/wp-content\/uploads\/2023\/08\/heysem_logo_square.jpg","type":"image\/jpeg"}],"twitter_card":"summary_large_image","twitter_misc":{"Tahmini okuma s\u00fcresi":"2 dakika"},"schema":{"@context":"https:\/\/schema.org","@graph":[{"@type":"WebPage","@id":"https:\/\/heysemai.com\/our-blog\/","url":"https:\/\/heysemai.com\/our-blog\/","name":"Heysem Blog - Heysem AI - Heysem Yapay Zeka ve \u0130novasyon A.\u015e.","isPartOf":{"@id":"https:\/\/heysemai.com\/#website"},"datePublished":"2020-01-15T08:38:52+00:00","dateModified":"2023-08-30T09:12:25+00:00","breadcrumb":{"@id":"https:\/\/heysemai.com\/our-blog\/#breadcrumb"},"inLanguage":"tr","potentialAction":[{"@type":"ReadAction","target":["https:\/\/heysemai.com\/our-blog\/"]}]},{"@type":"BreadcrumbList","@id":"https:\/\/heysemai.com\/our-blog\/#breadcrumb","itemListElement":[{"@type":"ListItem","position":1,"name":"Anasayfa","item":"https:\/\/heysemai.com\/tr\/"},{"@type":"ListItem","position":2,"name":"Heysem Blog"}]},{"@type":"WebSite","@id":"https:\/\/heysemai.com\/#website","url":"https:\/\/heysemai.com\/","name":"Heysem AI - Heysem Yapay Zeka ve \u0130novasyon A.\u015e.","description":"Heysem AI | One Platform for More Productivity","potentialAction":[{"@type":"SearchAction","target":{"@type":"EntryPoint","urlTemplate":"https:\/\/heysemai.com\/?s={search_term_string}"},"query-input":{"@type":"PropertyValueSpecification","valueRequired":true,"valueName":"search_term_string"}}],"inLanguage":"tr"}]}},"_links":{"self":[{"href":"https:\/\/heysemai.com\/tr\/wp-json\/wp\/v2\/pages\/12","targetHints":{"allow":["GET"]}}],"collection":[{"href":"https:\/\/heysemai.com\/tr\/wp-json\/wp\/v2\/pages"}],"about":[{"href":"https:\/\/heysemai.com\/tr\/wp-json\/wp\/v2\/types\/page"}],"author":[{"embeddable":true,"href":"https:\/\/heysemai.com\/tr\/wp-json\/wp\/v2\/users\/1"}],"replies":[{"embeddable":true,"href":"https:\/\/heysemai.com\/tr\/wp-json\/wp\/v2\/comments?post=12"}],"version-history":[{"count":13,"href":"https:\/\/heysemai.com\/tr\/wp-json\/wp\/v2\/pages\/12\/revisions"}],"predecessor-version":[{"id":1179,"href":"https:\/\/heysemai.com\/tr\/wp-json\/wp\/v2\/pages\/12\/revisions\/1179"}],"wp:attachment":[{"href":"https:\/\/heysemai.com\/tr\/wp-json\/wp\/v2\/media?parent=12"}],"curies":[{"name":"wp","href":"https:\/\/api.w.org\/{rel}","templated":true}]}}