{"id":1622,"date":"2024-05-01T13:45:28","date_gmt":"2024-05-01T10:45:28","guid":{"rendered":"https:\/\/heysemai.com\/?page_id=1622"},"modified":"2024-05-01T13:49:57","modified_gmt":"2024-05-01T10:49:57","slug":"hakkinda","status":"publish","type":"page","link":"https:\/\/heysemai.com\/en\/hakkinda\/","title":{"rendered":"Hakk\u0131nda"},"content":{"rendered":"<div data-elementor-type=\"wp-page\" data-elementor-id=\"1622\" class=\"elementor elementor-1622\">\n\t\t\t\t\t\t<section class=\"penci-section penci-dmcheck penci-elbg-activate penci-disSticky penci-structure-10 elementor-section elementor-top-section elementor-element elementor-element-f7ed357 elementor-section-boxed elementor-section-height-default elementor-section-height-default\" data-id=\"f7ed357\" data-element_type=\"section\" data-settings=\"{&quot;background_background&quot;:&quot;classic&quot;}\">\n\t\t\t\t\t\t<div class=\"elementor-container elementor-column-gap-extended\">\n\t\t\t\t\t<div class=\"penci-ercol-100 penci-ercol-order-1 penci-sticky-ct    elementor-column elementor-col-100 elementor-top-column elementor-element elementor-element-ce54cdf\" data-id=\"ce54cdf\" data-element_type=\"column\">\n\t\t\t<div class=\"elementor-widget-wrap elementor-element-populated\">\n\t\t\t\t\t\t<div class=\"elementor-element elementor-element-d2bc69d elementor-widget elementor-widget-penci-fancy_heading\" data-id=\"d2bc69d\" data-element_type=\"widget\" data-widget_type=\"penci-fancy_heading.default\">\n\t\t\t\t<div class=\"elementor-widget-container\">\n\t\t\t\t\t\t\t<div class=\"penci-fancy-heading penci-heading-text-center\">\r\n\t\t\t<div class=\"penci-fancy-heading-inner\">\r\n\t\t\t\t<h2 class=\"penci-heading-title\"><span class=\"inner-tit\">Hakk\u0131m\u0131zda<\/span><\/h2><div class=\"penci-heading-content entry-content\"><p>Heysem AI, end\u00fcstriyel i\u015fletmeler i\u00e7in \u00f6zelle\u015ftirilmi\u015f yapay zeka \u00e7\u00f6z\u00fcmleri sunan bir teknoloji \u015firketidir. Fabrikalar\u0131n verimlili\u011fini art\u0131rmak ve i\u015f s\u00fcre\u00e7lerini optimize etmek amac\u0131yla g\u00f6r\u00fcnt\u00fc i\u015fleme, derin \u00f6\u011frenme ve otomasyon teknolojilerini kullanarak \u00e7\u00f6z\u00fcmler geli\u015ftiriyoruz. M\u00fc\u015fterilerimize yenilik\u00e7i ve etkili \u00e7\u00f6z\u00fcmler sunarak end\u00fcstri 4.0 d\u00f6n\u00fc\u015f\u00fcm\u00fcne liderlik etmeyi hedefliyoruz.<\/p>\n<p>Heysem AI markas\u0131, Heysem Yapay Zeka ve \u0130novasyon A.\u015e. \u00e7at\u0131s\u0131 alt\u0131nda faaliyet g\u00f6stermektedir. \u015eirketimiz, ATAP Teknopark Yaz\u0131l\u0131m Kule Ar-Ge ofisinde yer alarak yenilik\u00e7i yapay zeka \u00e7\u00f6z\u00fcmleri \u00fczerinde Ar-Ge \u00e7al\u0131\u015fmalar\u0131n\u0131 s\u00fcrd\u00fcrmektedir.<\/p>\n<\/div>\t\t\t<\/div>\r\n\t\t<\/div>\r\n\t\t\t\t\t\t<\/div>\n\t\t\t\t<\/div>\n\t\t\t\t\t<\/div>\n\t\t<\/div>\n\t\t\t\t\t<\/div>\n\t\t<\/section>\n\t\t\t\t<\/div>","protected":false},"excerpt":{"rendered":"<p>Hakk\u0131m\u0131zda Heysem AI, end\u00fcstriyel i\u015fletmeler i\u00e7in \u00f6zelle\u015ftirilmi\u015f yapay zeka \u00e7\u00f6z\u00fcmleri sunan bir teknoloji \u015firketidir. Fabrikalar\u0131n verimlili\u011fini art\u0131rmak ve i\u015f s\u00fcre\u00e7lerini optimize etmek amac\u0131yla g\u00f6r\u00fcnt\u00fc i\u015fleme, derin \u00f6\u011frenme ve otomasyon teknolojilerini&hellip;<\/p>","protected":false},"author":1,"featured_media":0,"parent":0,"menu_order":0,"comment_status":"closed","ping_status":"closed","template":"page-fullwidth.php","meta":{"footnotes":""},"class_list":["post-1622","page","type-page","status-publish","hentry"],"yoast_head":"<!-- This site is optimized with the Yoast SEO plugin v24.1 - https:\/\/yoast.com\/wordpress\/plugins\/seo\/ -->\n<title>Hakk\u0131nda - Heysem AI - Heysem Yapay Zeka ve \u0130novasyon A.\u015e.<\/title>\n<meta name=\"robots\" content=\"index, follow, max-snippet:-1, max-image-preview:large, max-video-preview:-1\" \/>\n<link rel=\"canonical\" href=\"https:\/\/heysemai.com\/en\/hakkinda\/\" \/>\n<meta property=\"og:locale\" content=\"en_GB\" \/>\n<meta property=\"og:type\" content=\"article\" \/>\n<meta property=\"og:title\" content=\"Hakk\u0131nda - Heysem AI - Heysem Yapay Zeka ve \u0130novasyon A.\u015e.\" \/>\n<meta property=\"og:description\" content=\"Hakk\u0131m\u0131zda Heysem AI, end\u00fcstriyel i\u015fletmeler i\u00e7in \u00f6zelle\u015ftirilmi\u015f yapay zeka \u00e7\u00f6z\u00fcmleri sunan bir teknoloji \u015firketidir. Fabrikalar\u0131n verimlili\u011fini art\u0131rmak ve i\u015f s\u00fcre\u00e7lerini optimize etmek amac\u0131yla g\u00f6r\u00fcnt\u00fc i\u015fleme, derin \u00f6\u011frenme ve otomasyon teknolojilerini&hellip;\" \/>\n<meta property=\"og:url\" content=\"https:\/\/heysemai.com\/en\/hakkinda\/\" \/>\n<meta property=\"og:site_name\" content=\"Heysem AI - Heysem Yapay Zeka ve \u0130novasyon A.\u015e.\" \/>\n<meta property=\"article:modified_time\" content=\"2024-05-01T10:49:57+00:00\" \/>\n<meta property=\"og:image\" content=\"https:\/\/heysemai.com\/wp-content\/uploads\/2023\/08\/heysem_logo_square.jpg\" \/>\n\t<meta property=\"og:image:width\" content=\"1080\" \/>\n\t<meta property=\"og:image:height\" content=\"1080\" \/>\n\t<meta property=\"og:image:type\" content=\"image\/jpeg\" \/>\n<meta name=\"twitter:card\" content=\"summary_large_image\" \/>\n<meta name=\"twitter:label1\" content=\"Estimated reading time\" \/>\n\t<meta name=\"twitter:data1\" content=\"1 minute\" \/>\n<script type=\"application\/ld+json\" class=\"yoast-schema-graph\">{\"@context\":\"https:\/\/schema.org\",\"@graph\":[{\"@type\":\"WebPage\",\"@id\":\"https:\/\/heysemai.com\/tr\/hakkinda\/\",\"url\":\"https:\/\/heysemai.com\/tr\/hakkinda\/\",\"name\":\"Hakk\u0131nda - Heysem AI - Heysem Yapay Zeka ve \u0130novasyon A.\u015e.\",\"isPartOf\":{\"@id\":\"https:\/\/heysemai.com\/#website\"},\"datePublished\":\"2024-05-01T10:45:28+00:00\",\"dateModified\":\"2024-05-01T10:49:57+00:00\",\"breadcrumb\":{\"@id\":\"https:\/\/heysemai.com\/tr\/hakkinda\/#breadcrumb\"},\"inLanguage\":\"en-GB\",\"potentialAction\":[{\"@type\":\"ReadAction\",\"target\":[\"https:\/\/heysemai.com\/tr\/hakkinda\/\"]}]},{\"@type\":\"BreadcrumbList\",\"@id\":\"https:\/\/heysemai.com\/tr\/hakkinda\/#breadcrumb\",\"itemListElement\":[{\"@type\":\"ListItem\",\"position\":1,\"name\":\"Anasayfa\",\"item\":\"https:\/\/heysemai.com\/tr\/\"},{\"@type\":\"ListItem\",\"position\":2,\"name\":\"Hakk\u0131nda\"}]},{\"@type\":\"WebSite\",\"@id\":\"https:\/\/heysemai.com\/#website\",\"url\":\"https:\/\/heysemai.com\/\",\"name\":\"Heysem AI - Heysem Yapay Zeka ve \u0130novasyon A.\u015e.\",\"description\":\"Heysem AI | One Platform for More Productivity\",\"potentialAction\":[{\"@type\":\"SearchAction\",\"target\":{\"@type\":\"EntryPoint\",\"urlTemplate\":\"https:\/\/heysemai.com\/?s={search_term_string}\"},\"query-input\":{\"@type\":\"PropertyValueSpecification\",\"valueRequired\":true,\"valueName\":\"search_term_string\"}}],\"inLanguage\":\"en-GB\"}]}<\/script>\n<!-- \/ Yoast SEO plugin. -->","yoast_head_json":{"title":"Hakk\u0131nda - Heysem AI - Heysem Yapay Zeka ve \u0130novasyon A.\u015e.","robots":{"index":"index","follow":"follow","max-snippet":"max-snippet:-1","max-image-preview":"max-image-preview:large","max-video-preview":"max-video-preview:-1"},"canonical":"https:\/\/heysemai.com\/en\/hakkinda\/","og_locale":"en_GB","og_type":"article","og_title":"Hakk\u0131nda - Heysem AI - Heysem Yapay Zeka ve \u0130novasyon A.\u015e.","og_description":"Hakk\u0131m\u0131zda Heysem AI, end\u00fcstriyel i\u015fletmeler i\u00e7in \u00f6zelle\u015ftirilmi\u015f yapay zeka \u00e7\u00f6z\u00fcmleri sunan bir teknoloji \u015firketidir. Fabrikalar\u0131n verimlili\u011fini art\u0131rmak ve i\u015f s\u00fcre\u00e7lerini optimize etmek amac\u0131yla g\u00f6r\u00fcnt\u00fc i\u015fleme, derin \u00f6\u011frenme ve otomasyon teknolojilerini&hellip;","og_url":"https:\/\/heysemai.com\/en\/hakkinda\/","og_site_name":"Heysem AI - Heysem Yapay Zeka ve \u0130novasyon A.\u015e.","article_modified_time":"2024-05-01T10:49:57+00:00","og_image":[{"width":1080,"height":1080,"url":"https:\/\/heysemai.com\/wp-content\/uploads\/2023\/08\/heysem_logo_square.jpg","type":"image\/jpeg"}],"twitter_card":"summary_large_image","twitter_misc":{"Estimated reading time":"1 minute"},"schema":{"@context":"https:\/\/schema.org","@graph":[{"@type":"WebPage","@id":"https:\/\/heysemai.com\/tr\/hakkinda\/","url":"https:\/\/heysemai.com\/tr\/hakkinda\/","name":"Hakk\u0131nda - Heysem AI - Heysem Yapay Zeka ve \u0130novasyon A.\u015e.","isPartOf":{"@id":"https:\/\/heysemai.com\/#website"},"datePublished":"2024-05-01T10:45:28+00:00","dateModified":"2024-05-01T10:49:57+00:00","breadcrumb":{"@id":"https:\/\/heysemai.com\/tr\/hakkinda\/#breadcrumb"},"inLanguage":"en-GB","potentialAction":[{"@type":"ReadAction","target":["https:\/\/heysemai.com\/tr\/hakkinda\/"]}]},{"@type":"BreadcrumbList","@id":"https:\/\/heysemai.com\/tr\/hakkinda\/#breadcrumb","itemListElement":[{"@type":"ListItem","position":1,"name":"Anasayfa","item":"https:\/\/heysemai.com\/tr\/"},{"@type":"ListItem","position":2,"name":"Hakk\u0131nda"}]},{"@type":"WebSite","@id":"https:\/\/heysemai.com\/#website","url":"https:\/\/heysemai.com\/","name":"Heysem AI - Heysem Yapay Zeka ve \u0130novasyon A.\u015e.","description":"Heysem AI | One Platform for More Productivity","potentialAction":[{"@type":"SearchAction","target":{"@type":"EntryPoint","urlTemplate":"https:\/\/heysemai.com\/?s={search_term_string}"},"query-input":{"@type":"PropertyValueSpecification","valueRequired":true,"valueName":"search_term_string"}}],"inLanguage":"en-GB"}]}},"_links":{"self":[{"href":"https:\/\/heysemai.com\/en\/wp-json\/wp\/v2\/pages\/1622","targetHints":{"allow":["GET"]}}],"collection":[{"href":"https:\/\/heysemai.com\/en\/wp-json\/wp\/v2\/pages"}],"about":[{"href":"https:\/\/heysemai.com\/en\/wp-json\/wp\/v2\/types\/page"}],"author":[{"embeddable":true,"href":"https:\/\/heysemai.com\/en\/wp-json\/wp\/v2\/users\/1"}],"replies":[{"embeddable":true,"href":"https:\/\/heysemai.com\/en\/wp-json\/wp\/v2\/comments?post=1622"}],"version-history":[{"count":4,"href":"https:\/\/heysemai.com\/en\/wp-json\/wp\/v2\/pages\/1622\/revisions"}],"predecessor-version":[{"id":1627,"href":"https:\/\/heysemai.com\/en\/wp-json\/wp\/v2\/pages\/1622\/revisions\/1627"}],"wp:attachment":[{"href":"https:\/\/heysemai.com\/en\/wp-json\/wp\/v2\/media?parent=1622"}],"curies":[{"name":"wp","href":"https:\/\/api.w.org\/{rel}","templated":true}]}}